{"id":296,"date":"2021-04-23T16:38:35","date_gmt":"2021-04-23T14:38:35","guid":{"rendered":"https:\/\/yana.coach\/?page_id=296"},"modified":"2021-05-22T19:10:54","modified_gmt":"2021-05-22T17:10:54","slug":"coaching-entreprises","status":"publish","type":"page","link":"https:\/\/yana.coach\/index.php\/coaching-entreprises\/","title":{"rendered":"Coaching Entreprises"},"content":{"rendered":"\n<p>Le coaching permet aux entreprises de passer des caps, r\u00e9soudre des probl\u00e9matiques dont l&rsquo;origine peut \u00eatre une crise ou simplement une \u00e9tape de croissance.<br>Il permet aussi aux collaborateurs de retrouver du sens \u00e0 leurs actions ou leur permettre de grandir.<\/p>\n\n\n\n<figure class=\"wp-block-image size-large\"><img loading=\"lazy\" decoding=\"async\" width=\"926\" height=\"289\" src=\"https:\/\/yana.coach\/wp-content\/uploads\/2021\/04\/image3.jpg\" alt=\"Yana Coaching d'Entreprises\" class=\"wp-image-300\" srcset=\"https:\/\/yana.coach\/wp-content\/uploads\/2021\/04\/image3.jpg 926w, https:\/\/yana.coach\/wp-content\/uploads\/2021\/04\/image3-300x94.jpg 300w, https:\/\/yana.coach\/wp-content\/uploads\/2021\/04\/image3-768x240.jpg 768w\" sizes=\"(max-width: 926px) 100vw, 926px\" \/><\/figure>\n\n\n\n<blockquote class=\"wp-block-quote is-layout-flow wp-block-quote-is-layout-flow\"><p>\u201c<em>La seule fa\u00e7on d\u2019avoir et de garder les meilleurs clients, c\u2019est d\u2019abord d\u2019avoir et de garder les meilleurs salari\u00e9s. L\u2019int\u00e9r\u00eat majeur d\u2019une entreprise est donc d\u2019avoir et de garder les meilleurs salari\u00e9s. La meilleure fa\u00e7on d\u2019y parvenir est donc de cr\u00e9er des conditions telles que les collaborateurs soient plus heureux de travailler dans cette entreprise plut\u00f4t qu\u2019une autre<\/em>.\u201c<br>Andr\u00e9 Comte-Sponville<\/p><\/blockquote>\n\n\n\n<p id=\"block-6585e551-14c5-410e-af04-bafaf008c79a\">Le monde de l&rsquo;entreprise est aujourd&rsquo;hui plus complexe que jamais. L&rsquo;innovation, la concurrence, la pand\u00e9mie et ses cons\u00e9quences sur les liens humains, n\u00e9cessitent une remise en cause permanente des processus et des m\u00e9thodes manag\u00e9riales. Le coaching d&rsquo;entreprises permet de trouver les ressources en interne pour avancer sereinement avec des collaborateurs sereins et impliqu\u00e9s.<\/p>\n\n\n\n<p id=\"block-6585e551-14c5-410e-af04-bafaf008c79a\">Notre \u00e9quipe de coaches professionnels et <a href=\"https:\/\/www.credly.com\/badges\/821ca273-6f71-41f4-840d-92ce12362e0f\" target=\"_blank\" rel=\"noreferrer noopener\">certifi\u00e9s<\/a> intervenons pour accompagner des <strong>comit\u00e9s de direction, des cadres qui veulent \u00e9voluer, des managers en difficult\u00e9, ou des collaborateurs se sentant mal \u00e0 l&rsquo;aise<\/strong> (Burn-out, Bore-out, Brown-out).<br>Nous accompagnons aussi des cadres d\u00e9tach\u00e9s pouvant \u00eatre loin du si\u00e8ge de l&rsquo;entreprise ou \u00e0 l&rsquo;\u00e9tranger.<\/p>\n\n\n\n<p class=\"has-text-align-center\"><a href=\"https:\/\/yana.coach\/index.php\/contact\/\" data-type=\"URL\" data-id=\"https:\/\/yana.coach\/index.php\/contact\/\">Contactez-nous<\/a> pour une \u00e9tude de votre besoin.<\/p>\n\n\n\n<div class=\"wp-block-buttons is-content-justification-center is-layout-flex wp-block-buttons-is-layout-flex\">\n<div class=\"wp-block-button\"><a class=\"wp-block-button__link has-background\" href=\"https:\/\/yana.coach\/index.php\/contact\/\" style=\"background-color:#32ca99\">Nous contacter pour un devis<\/a><\/div>\n<\/div>\n\n\n\n<p><br>Notre offre de coaching d&rsquo;entreprises peut rev\u00eatir plusieurs formes :<\/p>\n\n\n\n<ul><li>Coaching d&rsquo;\u00e9quipe (comit\u00e9 de direction ou groupe de travail)<\/li><li>Coaching individuel<\/li><li>CODEV \/ Design Thinking&#8230;<\/li><\/ul>\n\n\n\n<p>Pour les coachings individuels, une fois votre besoin analys\u00e9 et un contrat d&rsquo;accompagnement conclu, des codes entreprises vous seront fournis pour \u00eatre transmis aux personnes qui seront coach\u00e9es. <strong>Celles-ci pourront r\u00e9server librement<\/strong> <strong>leurs horaires de rendez-vous<\/strong> sur le lien ci-dessous.<\/p>\n\n\n\n<p id=\"block-a607623c-b21e-4d2c-a94f-529e9fe466eb\">Nos s\u00e9ances individuelles se d\u00e9roulent par visioconf\u00e9rence.<br>Comme pour tous nos coaching, l&rsquo;\u00e9thique et la confidentialit\u00e9 sont nos premiers engagements.<br><\/p>\n\n\n\n<p>Vous avez d\u00e9j\u00e0 un code d&rsquo;entreprise pour votre coaching, r\u00e9servez votre horaire :<\/p>\n\n\n<script type='text\/javascript'>\r\nvar wbk_get_converted = {\r\n\"blank\":\"blank\"}\r\n<\/script>\r\n<div class=\"wbk-outer-container wbk_booking_form_container\">\r\n\t<div class=\"wbk-inner-container\">\r\n     \t<img src=https:\/\/yana.coach\/wp-content\/plugins\/webba-booking\/public\/images\/loading.svg style=\"display:block;width:0px;height:0px;\">\r\n        <img src=https:\/\/yana.coach\/wp-content\/plugins\/webba-booking\/public\/images\/loading_small.svg style=\"display:block;width:0px;height:0px;\">\r\n\t\t<div class=\"wbk-frontend-row\" id=\"wbk-service-container\" >\r\n\t\t\t<div class=\"wbk-col-12-12\" >\r\n    <label class=\"wbk-input-label\">Choisissez votre prestation<\/label>\r\n    <select class=\"wbk-select wbk-input wbk_services\" id=\"wbk-service-id\">\r\n    <option value=\"0\" selected=\"selected\">choisir...<\/option>\r\n        <option data-desc=\"&lt;h5&gt;Tarif pour une s\u00e9ance de 90 minutes : 190 \u20ac&lt;\/h5&gt;\" value=\"2\"  data-multi-low-limit=\"\"  data-multi-limit=\"\" >Coaching Cr\u00e9atif avec Philippe<\/option>\r\n        <option data-desc=\"&lt;h5&gt;Tarif pour une s\u00e9ance de 60 minutes : 95 \u20ac&lt;\/h5&gt;\" value=\"4\"  data-multi-low-limit=\"\"  data-multi-limit=\"\" >Coaching de Vie avec Philippe<\/option>\r\n        <option data-desc=\"&lt;h5&gt;Tarif pour une s\u00e9ance de 90 minutes : 190 \u20ac&lt;\/h5&gt;\" value=\"1\"  data-multi-low-limit=\"\"  data-multi-limit=\"\" >Coaching D\u00e9cisionnel Entreprise avec Philippe<\/option>\r\n        <option data-desc=\"&lt;h5&gt;Tarif pour une s\u00e9ance de 60 minutes : 110 \u20ac&lt;\/h5&gt;\" value=\"8\"  data-multi-low-limit=\"\"  data-multi-limit=\"\" >Coaching D\u00e9cisionnel Personnel avec Philippe<\/option>\r\n        <option data-desc=\"&lt;h5&gt;R\u00e9servation sur la base d&#039;un contrat accept\u00e9 &lt;br \/&gt;(Vous avez d\u00e9j\u00e0 re\u00e7u vos coupons de r\u00e9servation)&lt;\/h5&gt;\" value=\"10\"  data-multi-low-limit=\"\"  data-multi-limit=\"\" >Coaching Entreprise avec Philippe<\/option>\r\n        <option data-desc=\"&lt;h5&gt;Tarif pour une s\u00e9ance de 60 minutes : 95 \u20ac&lt;\/h5&gt;\" value=\"3\"  data-multi-low-limit=\"\"  data-multi-limit=\"\" >Coaching Post-Covid avec Philippe<\/option>\r\n<\/select>\r\n<div class=\"wbk_description_holder\" id=\"wbk_description_holder\">\r\n    <label class=\"wbk-input-label\">\r\n\r\n    <\/label>\r\n<\/div>\r\n\t\t\t<\/div>\r\n\t\t<\/div>\r\n\t\t<div class=\"wbk-frontend-row wbk_date_container\" id=\"wbk-date-container\">\r\n\t\t<\/div>\r\n\t        <div class=\"wbk-frontend-row wbk_time_container\" id=\"wbk-time-container\">\r\n\t        <\/div>\r\n\t\t<div class=\"wbk-frontend-row wbk_slots_container\" id=\"wbk-slots-container\">\r\n\t\t<\/div>\r\n\t\t<div class=\"wbk-frontend-row wbk_booking_form_container\" id=\"wbk-booking-form-container\">\r\n\t\t<\/div>\r\n\t\t<div class=\"wbk-frontend-row wbk_booking_done\" id=\"wbk-booking-done\">\r\n\t\t<\/div>\r\n\t\t<div class=\"wbk-frontend-row wbk_payment\" id=\"wbk-payment\">\r\n\t\t<\/div>\r\n    <\/div>\r\n<\/div>\r\n\n","protected":false},"excerpt":{"rendered":"<p>Le coaching permet aux entreprises de passer des caps, r\u00e9soudre des probl\u00e9matiques dont l&rsquo;origine peut \u00eatre une crise ou simplement une \u00e9tape de croissance.Il permet aussi aux collaborateurs de retrouver &#8230;<\/p>\n","protected":false},"author":1,"featured_media":0,"parent":0,"menu_order":0,"comment_status":"closed","ping_status":"closed","template":"","meta":{"footnotes":""},"yoast_head":"<!-- This site is optimized with the Yoast SEO plugin v22.8 - https:\/\/yoast.com\/wordpress\/plugins\/seo\/ -->\n<title>Coaching Entreprises - Yana - pour CODIR, \u00e9quipes, ou Managers<\/title>\n<meta name=\"description\" content=\"Yana propose une \u00e9quipe de coachs professionnels effectuant du coaching d&#039;entreprises en visioconf\u00e9rence et pr\u00e9sentiel pour vos CODIR ou vos \u00e9quipes, du CODEV \u00e0 l&#039;accompagnement de manager\" \/>\n<meta name=\"robots\" content=\"index, follow, max-snippet:-1, max-image-preview:large, max-video-preview:-1\" \/>\n<link rel=\"canonical\" href=\"https:\/\/yana.coach\/index.php\/coaching-entreprises\/\" \/>\n<meta property=\"og:locale\" content=\"fr_FR\" \/>\n<meta property=\"og:type\" content=\"article\" \/>\n<meta property=\"og:title\" content=\"Coaching Entreprises - Yana - pour CODIR, \u00e9quipes, ou Managers\" \/>\n<meta property=\"og:description\" content=\"Yana propose une \u00e9quipe de coachs professionnels effectuant du coaching d&#039;entreprises en visioconf\u00e9rence et pr\u00e9sentiel pour vos CODIR ou vos \u00e9quipes, du CODEV \u00e0 l&#039;accompagnement de manager\" \/>\n<meta property=\"og:url\" content=\"https:\/\/yana.coach\/index.php\/coaching-entreprises\/\" \/>\n<meta property=\"og:site_name\" content=\"Yana\" \/>\n<meta property=\"article:modified_time\" content=\"2021-05-22T17:10:54+00:00\" \/>\n<meta property=\"og:image\" content=\"https:\/\/yana.coach\/wp-content\/uploads\/2021\/04\/image3.jpg\" \/>\n<meta name=\"twitter:card\" content=\"summary_large_image\" \/>\n<meta name=\"twitter:label1\" content=\"Dur\u00e9e de lecture estim\u00e9e\" \/>\n\t<meta name=\"twitter:data1\" content=\"2 minutes\" \/>\n<script type=\"application\/ld+json\" class=\"yoast-schema-graph\">{\"@context\":\"https:\/\/schema.org\",\"@graph\":[{\"@type\":\"WebPage\",\"@id\":\"https:\/\/yana.coach\/index.php\/coaching-entreprises\/\",\"url\":\"https:\/\/yana.coach\/index.php\/coaching-entreprises\/\",\"name\":\"Coaching Entreprises - Yana - pour CODIR, \u00e9quipes, ou Managers\",\"isPartOf\":{\"@id\":\"https:\/\/yana.coach\/#website\"},\"primaryImageOfPage\":{\"@id\":\"https:\/\/yana.coach\/index.php\/coaching-entreprises\/#primaryimage\"},\"image\":{\"@id\":\"https:\/\/yana.coach\/index.php\/coaching-entreprises\/#primaryimage\"},\"thumbnailUrl\":\"https:\/\/yana.coach\/wp-content\/uploads\/2021\/04\/image3.jpg\",\"datePublished\":\"2021-04-23T14:38:35+00:00\",\"dateModified\":\"2021-05-22T17:10:54+00:00\",\"description\":\"Yana propose une \u00e9quipe de coachs professionnels effectuant du coaching d'entreprises en visioconf\u00e9rence et pr\u00e9sentiel pour vos CODIR ou vos \u00e9quipes, du CODEV \u00e0 l'accompagnement de manager\",\"breadcrumb\":{\"@id\":\"https:\/\/yana.coach\/index.php\/coaching-entreprises\/#breadcrumb\"},\"inLanguage\":\"fr-FR\",\"potentialAction\":[{\"@type\":\"ReadAction\",\"target\":[\"https:\/\/yana.coach\/index.php\/coaching-entreprises\/\"]}]},{\"@type\":\"ImageObject\",\"inLanguage\":\"fr-FR\",\"@id\":\"https:\/\/yana.coach\/index.php\/coaching-entreprises\/#primaryimage\",\"url\":\"https:\/\/yana.coach\/wp-content\/uploads\/2021\/04\/image3.jpg\",\"contentUrl\":\"https:\/\/yana.coach\/wp-content\/uploads\/2021\/04\/image3.jpg\",\"width\":926,\"height\":289},{\"@type\":\"BreadcrumbList\",\"@id\":\"https:\/\/yana.coach\/index.php\/coaching-entreprises\/#breadcrumb\",\"itemListElement\":[{\"@type\":\"ListItem\",\"position\":1,\"name\":\"Accueil\",\"item\":\"https:\/\/yana.coach\/\"},{\"@type\":\"ListItem\",\"position\":2,\"name\":\"Coaching Entreprises\"}]},{\"@type\":\"WebSite\",\"@id\":\"https:\/\/yana.coach\/#website\",\"url\":\"https:\/\/yana.coach\/\",\"name\":\"Yana\",\"description\":\"You Are Not Alone\",\"publisher\":{\"@id\":\"https:\/\/yana.coach\/#organization\"},\"potentialAction\":[{\"@type\":\"SearchAction\",\"target\":{\"@type\":\"EntryPoint\",\"urlTemplate\":\"https:\/\/yana.coach\/?s={search_term_string}\"},\"query-input\":\"required name=search_term_string\"}],\"inLanguage\":\"fr-FR\"},{\"@type\":\"Organization\",\"@id\":\"https:\/\/yana.coach\/#organization\",\"name\":\"YANA\",\"url\":\"https:\/\/yana.coach\/\",\"logo\":{\"@type\":\"ImageObject\",\"inLanguage\":\"fr-FR\",\"@id\":\"https:\/\/yana.coach\/#\/schema\/logo\/image\/\",\"url\":\"https:\/\/yana.coach\/wp-content\/uploads\/2021\/04\/logo-yana-coaching.jpg\",\"contentUrl\":\"https:\/\/yana.coach\/wp-content\/uploads\/2021\/04\/logo-yana-coaching.jpg\",\"width\":400,\"height\":210,\"caption\":\"YANA\"},\"image\":{\"@id\":\"https:\/\/yana.coach\/#\/schema\/logo\/image\/\"},\"sameAs\":[\"https:\/\/www.linkedin.com\/in\/phil-michel\/\"]}]}<\/script>\n<!-- \/ Yoast SEO plugin. -->","yoast_head_json":{"title":"Coaching Entreprises - Yana - pour CODIR, \u00e9quipes, ou Managers","description":"Yana propose une \u00e9quipe de coachs professionnels effectuant du coaching d'entreprises en visioconf\u00e9rence et pr\u00e9sentiel pour vos CODIR ou vos \u00e9quipes, du CODEV \u00e0 l'accompagnement de manager","robots":{"index":"index","follow":"follow","max-snippet":"max-snippet:-1","max-image-preview":"max-image-preview:large","max-video-preview":"max-video-preview:-1"},"canonical":"https:\/\/yana.coach\/index.php\/coaching-entreprises\/","og_locale":"fr_FR","og_type":"article","og_title":"Coaching Entreprises - Yana - pour CODIR, \u00e9quipes, ou Managers","og_description":"Yana propose une \u00e9quipe de coachs professionnels effectuant du coaching d'entreprises en visioconf\u00e9rence et pr\u00e9sentiel pour vos CODIR ou vos \u00e9quipes, du CODEV \u00e0 l'accompagnement de manager","og_url":"https:\/\/yana.coach\/index.php\/coaching-entreprises\/","og_site_name":"Yana","article_modified_time":"2021-05-22T17:10:54+00:00","og_image":[{"url":"https:\/\/yana.coach\/wp-content\/uploads\/2021\/04\/image3.jpg"}],"twitter_card":"summary_large_image","twitter_misc":{"Dur\u00e9e de lecture estim\u00e9e":"2 minutes"},"schema":{"@context":"https:\/\/schema.org","@graph":[{"@type":"WebPage","@id":"https:\/\/yana.coach\/index.php\/coaching-entreprises\/","url":"https:\/\/yana.coach\/index.php\/coaching-entreprises\/","name":"Coaching Entreprises - Yana - pour CODIR, \u00e9quipes, ou Managers","isPartOf":{"@id":"https:\/\/yana.coach\/#website"},"primaryImageOfPage":{"@id":"https:\/\/yana.coach\/index.php\/coaching-entreprises\/#primaryimage"},"image":{"@id":"https:\/\/yana.coach\/index.php\/coaching-entreprises\/#primaryimage"},"thumbnailUrl":"https:\/\/yana.coach\/wp-content\/uploads\/2021\/04\/image3.jpg","datePublished":"2021-04-23T14:38:35+00:00","dateModified":"2021-05-22T17:10:54+00:00","description":"Yana propose une \u00e9quipe de coachs professionnels effectuant du coaching d'entreprises en visioconf\u00e9rence et pr\u00e9sentiel pour vos CODIR ou vos \u00e9quipes, du CODEV \u00e0 l'accompagnement de manager","breadcrumb":{"@id":"https:\/\/yana.coach\/index.php\/coaching-entreprises\/#breadcrumb"},"inLanguage":"fr-FR","potentialAction":[{"@type":"ReadAction","target":["https:\/\/yana.coach\/index.php\/coaching-entreprises\/"]}]},{"@type":"ImageObject","inLanguage":"fr-FR","@id":"https:\/\/yana.coach\/index.php\/coaching-entreprises\/#primaryimage","url":"https:\/\/yana.coach\/wp-content\/uploads\/2021\/04\/image3.jpg","contentUrl":"https:\/\/yana.coach\/wp-content\/uploads\/2021\/04\/image3.jpg","width":926,"height":289},{"@type":"BreadcrumbList","@id":"https:\/\/yana.coach\/index.php\/coaching-entreprises\/#breadcrumb","itemListElement":[{"@type":"ListItem","position":1,"name":"Accueil","item":"https:\/\/yana.coach\/"},{"@type":"ListItem","position":2,"name":"Coaching Entreprises"}]},{"@type":"WebSite","@id":"https:\/\/yana.coach\/#website","url":"https:\/\/yana.coach\/","name":"Yana","description":"You Are Not Alone","publisher":{"@id":"https:\/\/yana.coach\/#organization"},"potentialAction":[{"@type":"SearchAction","target":{"@type":"EntryPoint","urlTemplate":"https:\/\/yana.coach\/?s={search_term_string}"},"query-input":"required name=search_term_string"}],"inLanguage":"fr-FR"},{"@type":"Organization","@id":"https:\/\/yana.coach\/#organization","name":"YANA","url":"https:\/\/yana.coach\/","logo":{"@type":"ImageObject","inLanguage":"fr-FR","@id":"https:\/\/yana.coach\/#\/schema\/logo\/image\/","url":"https:\/\/yana.coach\/wp-content\/uploads\/2021\/04\/logo-yana-coaching.jpg","contentUrl":"https:\/\/yana.coach\/wp-content\/uploads\/2021\/04\/logo-yana-coaching.jpg","width":400,"height":210,"caption":"YANA"},"image":{"@id":"https:\/\/yana.coach\/#\/schema\/logo\/image\/"},"sameAs":["https:\/\/www.linkedin.com\/in\/phil-michel\/"]}]}},"_links":{"self":[{"href":"https:\/\/yana.coach\/index.php\/wp-json\/wp\/v2\/pages\/296"}],"collection":[{"href":"https:\/\/yana.coach\/index.php\/wp-json\/wp\/v2\/pages"}],"about":[{"href":"https:\/\/yana.coach\/index.php\/wp-json\/wp\/v2\/types\/page"}],"author":[{"embeddable":true,"href":"https:\/\/yana.coach\/index.php\/wp-json\/wp\/v2\/users\/1"}],"replies":[{"embeddable":true,"href":"https:\/\/yana.coach\/index.php\/wp-json\/wp\/v2\/comments?post=296"}],"version-history":[{"count":9,"href":"https:\/\/yana.coach\/index.php\/wp-json\/wp\/v2\/pages\/296\/revisions"}],"predecessor-version":[{"id":423,"href":"https:\/\/yana.coach\/index.php\/wp-json\/wp\/v2\/pages\/296\/revisions\/423"}],"wp:attachment":[{"href":"https:\/\/yana.coach\/index.php\/wp-json\/wp\/v2\/media?parent=296"}],"curies":[{"name":"wp","href":"https:\/\/api.w.org\/{rel}","templated":true}]}}