{"id":352,"date":"2021-05-19T11:42:28","date_gmt":"2021-05-19T09:42:28","guid":{"rendered":"https:\/\/yana.coach\/?page_id=352"},"modified":"2024-05-29T14:32:23","modified_gmt":"2024-05-29T12:32:23","slug":"philippe-michel-coach-professionnel","status":"publish","type":"page","link":"https:\/\/yana.coach\/index.php\/philippe-michel-coach-professionnel\/","title":{"rendered":"Philippe MICHEL &#8211; Coach Professionnel"},"content":{"rendered":"<div class=\"wp-block-image\">\n<figure class=\"aligncenter size-large\"><img loading=\"lazy\" decoding=\"async\" width=\"270\" height=\"330\" src=\"https:\/\/yana.coach\/wp-content\/uploads\/2021\/04\/photo-Philippe-MICHEL-2019.jpg\" alt=\"Philippe MICHEL\" class=\"wp-image-101\" srcset=\"https:\/\/yana.coach\/wp-content\/uploads\/2021\/04\/photo-Philippe-MICHEL-2019.jpg 270w, https:\/\/yana.coach\/wp-content\/uploads\/2021\/04\/photo-Philippe-MICHEL-2019-245x300.jpg 245w\" sizes=\"(max-width: 270px) 100vw, 270px\" \/><figcaption class=\"wp-element-caption\">COACH PROFESSIONNEL niveau PCC<\/figcaption><\/figure><\/div>\n\n\n<p>Coach Professionnel, serial entrepreneur, cerveau droit atypique, Philippe MICHEL accompagne depuis plus de vingt ans des entreprises <strong>de la startup \u00e0 la multinationale<\/strong> avec son cabinet <a href=\"https:\/\/convergence-numerique.com\/\" target=\"_blank\" rel=\"noreferrer noopener\"><strong>Convergence Num\u00e9rique.<\/strong><\/a><br>Il a gard\u00e9 de sa vie de conseil l&rsquo;exp\u00e9rience des organisations pour la mettre au service des m\u00e9thodes de coaching.<br>Sp\u00e9cialiste de la <strong>conduite du changement et de l&rsquo;innovation<\/strong>, il permet aux hommes de mieux fonctionner dans des organisations parfois tr\u00e8s complexes.<\/p>\n\n\n\n<p>D&rsquo;un naturel cr\u00e9atif et enthousiaste, son coaching est \u00e0 la fois<strong> doux et tonique<\/strong>.<br><br>La <strong>r\u00e9sistance au changement et la <a href=\"https:\/\/yana.coach\/index.php\/coaching-decisionnel\/\">prise de d\u00e9cision<\/a><\/strong> sont ses domaines de pr\u00e9dilection. <\/p>\n\n\n\n<p><\/p>\n\n\n\n<p>Philippe MICHEL n&rsquo;est pas qu&rsquo;un coach, il a aussi cr\u00e9\u00e9 un Serious Game sur le<strong> <a href=\"https:\/\/dynidea.com\/index.php\/re-enchantement\/\">r\u00e9-enchantement<\/a><\/strong> baptis\u00e9 <strong><a href=\"https:\/\/convergence-numerique.com\/creativite\/\">DYNIDEA\u00ae<\/a><\/strong><\/p>\n\n\n\n<p>Ancien membre du CJD, il accompagne de nombreux dirigeants de startup et de PME.<br>Membre de diff\u00e9rents boards de startups, il intervient en particulier  dans plusieurs incubateurs fran\u00e7ais pour aider les porteurs de projets dans leur organisation strat\u00e9gique.<br>Aupr\u00e8s de COMEX de grandes entreprises, il a accompagn\u00e9 les changements en particulier sur le sujet de la transformation digitale et des organisations.<\/p>\n\n\n\n<p>Il connait bien l&rsquo;univers de la sant\u00e9, du b\u00e2timent et de la distribution.<\/p>\n\n\n\n<p>Coach Professionnel de niveau <strong><a href=\"https:\/\/www.coachingways.fr\/certification-icf-coaching\/\" target=\"_blank\" rel=\"noreferrer noopener\">PCC<\/a>,<\/strong> Philippe MICHEL vous accompagne en pr\u00e9sentiel ou en visioconf\u00e9rence, pour des coaching personnels, d&rsquo;\u00e9quipe, sur des sujets priv\u00e9s ou professionnels.<\/p>\n\n\n\n<p><\/p>\n\n\n<div class=\"wp-block-image\">\n<figure class=\"aligncenter size-large\"><a href=\"https:\/\/www.linkedin.com\/in\/phil-michel\/\" target=\"_blank\" rel=\"noopener\"><img loading=\"lazy\" decoding=\"async\" width=\"101\" height=\"33\" src=\"https:\/\/yana.coach\/wp-content\/uploads\/2021\/05\/Linkedin-1.jpg\" alt=\"\" class=\"wp-image-359\"\/><\/a><\/figure><\/div>\n\n\n<p><\/p>\n\n\n<div class=\"wp-block-image\">\n<figure class=\"aligncenter size-large is-resized\"><a href=\"https:\/\/www.credly.com\/badges\/821ca273-6f71-41f4-840d-92ce12362e0f\" target=\"_blank\" rel=\"noopener\"><img loading=\"lazy\" decoding=\"async\" width=\"110\" height=\"110\" src=\"https:\/\/yana.coach\/wp-content\/uploads\/2021\/05\/ICF_Member.png\" alt=\"Membre de l' International Coaching Federation\" class=\"wp-image-360\" style=\"width:188px;height:188px\"\/><\/a><figcaption class=\"wp-element-caption\">Membre de l&rsquo; International Coaching Federation<\/figcaption><\/figure><\/div>\n\n\n<p><\/p>\n\n\n\n<p class=\"has-medium-font-size\"><strong>Avis des coach\u00e9s :<\/strong><\/p>\n\n\n\n<blockquote class=\"wp-block-quote is-layout-flow wp-block-quote-is-layout-flow\">\n<p>\u00ab \u00a0Un Coaching avec Philippe c est comme une main \u00e0 votre \u00e9coute qui esquisse avec vous les contours de vos nouveaux desseins\/ projets \u00bb<\/p>\n<cite>Laurence M.<\/cite><\/blockquote>\n\n\n\n<p><\/p>\n\n\n\n<blockquote class=\"wp-block-quote is-layout-flow wp-block-quote-is-layout-flow\">\n<p>\u00ab\u00a0Philippe m&rsquo;a accompagn\u00e9 avec beaucoup de bienveillance et de perspicacit\u00e9. Son questionnement puissant m&rsquo;a permis de r\u00e9aliser de jolis pas en avant. Quel chance de croiser le chemin de ce super coach \ud83e\udd29 ! \u00ab\u00a0<\/p>\n<cite>Catherine L.<\/cite><\/blockquote>\n","protected":false},"excerpt":{"rendered":"<p>Coach Professionnel, serial entrepreneur, cerveau droit atypique, Philippe MICHEL accompagne depuis plus de vingt ans des entreprises de la startup \u00e0 la multinationale avec son cabinet Convergence Num\u00e9rique.Il a gard\u00e9 &#8230;<\/p>\n","protected":false},"author":1,"featured_media":0,"parent":0,"menu_order":0,"comment_status":"closed","ping_status":"closed","template":"","meta":{"footnotes":""},"yoast_head":"<!-- This site is optimized with the Yoast SEO plugin v22.8 - https:\/\/yoast.com\/wordpress\/plugins\/seo\/ -->\n<title>Philippe MICHEL - Coach Professionnel ICF - Yana<\/title>\n<meta name=\"description\" content=\"Philippe MICHEL est un coach professionnel certifi\u00e9 de niveau PCC. Il intervient pour des particuliers ou des entreprises pour diff\u00e9rents types de coaching.\" \/>\n<meta name=\"robots\" content=\"index, follow, max-snippet:-1, max-image-preview:large, max-video-preview:-1\" \/>\n<link rel=\"canonical\" href=\"https:\/\/yana.coach\/index.php\/philippe-michel-coach-professionnel\/\" \/>\n<meta property=\"og:locale\" content=\"fr_FR\" \/>\n<meta property=\"og:type\" content=\"article\" \/>\n<meta property=\"og:title\" content=\"Philippe MICHEL - Coach Professionnel ICF - Yana\" \/>\n<meta property=\"og:description\" content=\"Philippe MICHEL est un coach professionnel certifi\u00e9 de niveau PCC. Il intervient pour des particuliers ou des entreprises pour diff\u00e9rents types de coaching.\" \/>\n<meta property=\"og:url\" content=\"https:\/\/yana.coach\/index.php\/philippe-michel-coach-professionnel\/\" \/>\n<meta property=\"og:site_name\" content=\"Yana\" \/>\n<meta property=\"article:modified_time\" content=\"2024-05-29T12:32:23+00:00\" \/>\n<meta property=\"og:image\" content=\"https:\/\/yana.coach\/wp-content\/uploads\/2021\/04\/photo-Philippe-MICHEL-2019.jpg\" \/>\n<meta name=\"twitter:card\" content=\"summary_large_image\" \/>\n<meta name=\"twitter:label1\" content=\"Dur\u00e9e de lecture estim\u00e9e\" \/>\n\t<meta name=\"twitter:data1\" content=\"2 minutes\" \/>\n<script type=\"application\/ld+json\" class=\"yoast-schema-graph\">{\"@context\":\"https:\/\/schema.org\",\"@graph\":[{\"@type\":\"WebPage\",\"@id\":\"https:\/\/yana.coach\/index.php\/philippe-michel-coach-professionnel\/\",\"url\":\"https:\/\/yana.coach\/index.php\/philippe-michel-coach-professionnel\/\",\"name\":\"Philippe MICHEL - Coach Professionnel ICF - Yana\",\"isPartOf\":{\"@id\":\"https:\/\/yana.coach\/#website\"},\"primaryImageOfPage\":{\"@id\":\"https:\/\/yana.coach\/index.php\/philippe-michel-coach-professionnel\/#primaryimage\"},\"image\":{\"@id\":\"https:\/\/yana.coach\/index.php\/philippe-michel-coach-professionnel\/#primaryimage\"},\"thumbnailUrl\":\"https:\/\/yana.coach\/wp-content\/uploads\/2021\/04\/photo-Philippe-MICHEL-2019.jpg\",\"datePublished\":\"2021-05-19T09:42:28+00:00\",\"dateModified\":\"2024-05-29T12:32:23+00:00\",\"description\":\"Philippe MICHEL est un coach professionnel certifi\u00e9 de niveau PCC. Il intervient pour des particuliers ou des entreprises pour diff\u00e9rents types de coaching.\",\"breadcrumb\":{\"@id\":\"https:\/\/yana.coach\/index.php\/philippe-michel-coach-professionnel\/#breadcrumb\"},\"inLanguage\":\"fr-FR\",\"potentialAction\":[{\"@type\":\"ReadAction\",\"target\":[\"https:\/\/yana.coach\/index.php\/philippe-michel-coach-professionnel\/\"]}]},{\"@type\":\"ImageObject\",\"inLanguage\":\"fr-FR\",\"@id\":\"https:\/\/yana.coach\/index.php\/philippe-michel-coach-professionnel\/#primaryimage\",\"url\":\"https:\/\/yana.coach\/wp-content\/uploads\/2021\/04\/photo-Philippe-MICHEL-2019.jpg\",\"contentUrl\":\"https:\/\/yana.coach\/wp-content\/uploads\/2021\/04\/photo-Philippe-MICHEL-2019.jpg\",\"width\":270,\"height\":330,\"caption\":\"COACH PROFESSIONNEL niveau PCC\"},{\"@type\":\"BreadcrumbList\",\"@id\":\"https:\/\/yana.coach\/index.php\/philippe-michel-coach-professionnel\/#breadcrumb\",\"itemListElement\":[{\"@type\":\"ListItem\",\"position\":1,\"name\":\"Accueil\",\"item\":\"https:\/\/yana.coach\/\"},{\"@type\":\"ListItem\",\"position\":2,\"name\":\"Philippe MICHEL &#8211; Coach Professionnel\"}]},{\"@type\":\"WebSite\",\"@id\":\"https:\/\/yana.coach\/#website\",\"url\":\"https:\/\/yana.coach\/\",\"name\":\"Yana\",\"description\":\"You Are Not Alone\",\"publisher\":{\"@id\":\"https:\/\/yana.coach\/#organization\"},\"potentialAction\":[{\"@type\":\"SearchAction\",\"target\":{\"@type\":\"EntryPoint\",\"urlTemplate\":\"https:\/\/yana.coach\/?s={search_term_string}\"},\"query-input\":\"required name=search_term_string\"}],\"inLanguage\":\"fr-FR\"},{\"@type\":\"Organization\",\"@id\":\"https:\/\/yana.coach\/#organization\",\"name\":\"YANA\",\"url\":\"https:\/\/yana.coach\/\",\"logo\":{\"@type\":\"ImageObject\",\"inLanguage\":\"fr-FR\",\"@id\":\"https:\/\/yana.coach\/#\/schema\/logo\/image\/\",\"url\":\"https:\/\/yana.coach\/wp-content\/uploads\/2021\/04\/logo-yana-coaching.jpg\",\"contentUrl\":\"https:\/\/yana.coach\/wp-content\/uploads\/2021\/04\/logo-yana-coaching.jpg\",\"width\":400,\"height\":210,\"caption\":\"YANA\"},\"image\":{\"@id\":\"https:\/\/yana.coach\/#\/schema\/logo\/image\/\"},\"sameAs\":[\"https:\/\/www.linkedin.com\/in\/phil-michel\/\"]}]}<\/script>\n<!-- \/ Yoast SEO plugin. -->","yoast_head_json":{"title":"Philippe MICHEL - Coach Professionnel ICF - Yana","description":"Philippe MICHEL est un coach professionnel certifi\u00e9 de niveau PCC. Il intervient pour des particuliers ou des entreprises pour diff\u00e9rents types de coaching.","robots":{"index":"index","follow":"follow","max-snippet":"max-snippet:-1","max-image-preview":"max-image-preview:large","max-video-preview":"max-video-preview:-1"},"canonical":"https:\/\/yana.coach\/index.php\/philippe-michel-coach-professionnel\/","og_locale":"fr_FR","og_type":"article","og_title":"Philippe MICHEL - Coach Professionnel ICF - Yana","og_description":"Philippe MICHEL est un coach professionnel certifi\u00e9 de niveau PCC. Il intervient pour des particuliers ou des entreprises pour diff\u00e9rents types de coaching.","og_url":"https:\/\/yana.coach\/index.php\/philippe-michel-coach-professionnel\/","og_site_name":"Yana","article_modified_time":"2024-05-29T12:32:23+00:00","og_image":[{"url":"https:\/\/yana.coach\/wp-content\/uploads\/2021\/04\/photo-Philippe-MICHEL-2019.jpg"}],"twitter_card":"summary_large_image","twitter_misc":{"Dur\u00e9e de lecture estim\u00e9e":"2 minutes"},"schema":{"@context":"https:\/\/schema.org","@graph":[{"@type":"WebPage","@id":"https:\/\/yana.coach\/index.php\/philippe-michel-coach-professionnel\/","url":"https:\/\/yana.coach\/index.php\/philippe-michel-coach-professionnel\/","name":"Philippe MICHEL - Coach Professionnel ICF - Yana","isPartOf":{"@id":"https:\/\/yana.coach\/#website"},"primaryImageOfPage":{"@id":"https:\/\/yana.coach\/index.php\/philippe-michel-coach-professionnel\/#primaryimage"},"image":{"@id":"https:\/\/yana.coach\/index.php\/philippe-michel-coach-professionnel\/#primaryimage"},"thumbnailUrl":"https:\/\/yana.coach\/wp-content\/uploads\/2021\/04\/photo-Philippe-MICHEL-2019.jpg","datePublished":"2021-05-19T09:42:28+00:00","dateModified":"2024-05-29T12:32:23+00:00","description":"Philippe MICHEL est un coach professionnel certifi\u00e9 de niveau PCC. Il intervient pour des particuliers ou des entreprises pour diff\u00e9rents types de coaching.","breadcrumb":{"@id":"https:\/\/yana.coach\/index.php\/philippe-michel-coach-professionnel\/#breadcrumb"},"inLanguage":"fr-FR","potentialAction":[{"@type":"ReadAction","target":["https:\/\/yana.coach\/index.php\/philippe-michel-coach-professionnel\/"]}]},{"@type":"ImageObject","inLanguage":"fr-FR","@id":"https:\/\/yana.coach\/index.php\/philippe-michel-coach-professionnel\/#primaryimage","url":"https:\/\/yana.coach\/wp-content\/uploads\/2021\/04\/photo-Philippe-MICHEL-2019.jpg","contentUrl":"https:\/\/yana.coach\/wp-content\/uploads\/2021\/04\/photo-Philippe-MICHEL-2019.jpg","width":270,"height":330,"caption":"COACH PROFESSIONNEL niveau PCC"},{"@type":"BreadcrumbList","@id":"https:\/\/yana.coach\/index.php\/philippe-michel-coach-professionnel\/#breadcrumb","itemListElement":[{"@type":"ListItem","position":1,"name":"Accueil","item":"https:\/\/yana.coach\/"},{"@type":"ListItem","position":2,"name":"Philippe MICHEL &#8211; Coach Professionnel"}]},{"@type":"WebSite","@id":"https:\/\/yana.coach\/#website","url":"https:\/\/yana.coach\/","name":"Yana","description":"You Are Not Alone","publisher":{"@id":"https:\/\/yana.coach\/#organization"},"potentialAction":[{"@type":"SearchAction","target":{"@type":"EntryPoint","urlTemplate":"https:\/\/yana.coach\/?s={search_term_string}"},"query-input":"required name=search_term_string"}],"inLanguage":"fr-FR"},{"@type":"Organization","@id":"https:\/\/yana.coach\/#organization","name":"YANA","url":"https:\/\/yana.coach\/","logo":{"@type":"ImageObject","inLanguage":"fr-FR","@id":"https:\/\/yana.coach\/#\/schema\/logo\/image\/","url":"https:\/\/yana.coach\/wp-content\/uploads\/2021\/04\/logo-yana-coaching.jpg","contentUrl":"https:\/\/yana.coach\/wp-content\/uploads\/2021\/04\/logo-yana-coaching.jpg","width":400,"height":210,"caption":"YANA"},"image":{"@id":"https:\/\/yana.coach\/#\/schema\/logo\/image\/"},"sameAs":["https:\/\/www.linkedin.com\/in\/phil-michel\/"]}]}},"_links":{"self":[{"href":"https:\/\/yana.coach\/index.php\/wp-json\/wp\/v2\/pages\/352"}],"collection":[{"href":"https:\/\/yana.coach\/index.php\/wp-json\/wp\/v2\/pages"}],"about":[{"href":"https:\/\/yana.coach\/index.php\/wp-json\/wp\/v2\/types\/page"}],"author":[{"embeddable":true,"href":"https:\/\/yana.coach\/index.php\/wp-json\/wp\/v2\/users\/1"}],"replies":[{"embeddable":true,"href":"https:\/\/yana.coach\/index.php\/wp-json\/wp\/v2\/comments?post=352"}],"version-history":[{"count":19,"href":"https:\/\/yana.coach\/index.php\/wp-json\/wp\/v2\/pages\/352\/revisions"}],"predecessor-version":[{"id":445,"href":"https:\/\/yana.coach\/index.php\/wp-json\/wp\/v2\/pages\/352\/revisions\/445"}],"wp:attachment":[{"href":"https:\/\/yana.coach\/index.php\/wp-json\/wp\/v2\/media?parent=352"}],"curies":[{"name":"wp","href":"https:\/\/api.w.org\/{rel}","templated":true}]}}