{"id":41,"date":"2021-04-05T17:56:35","date_gmt":"2021-04-05T15:56:35","guid":{"rendered":"http:\/\/yana.coach\/?page_id=41"},"modified":"2021-05-22T19:36:29","modified_gmt":"2021-05-22T17:36:29","slug":"quel-type-de-coaching","status":"publish","type":"page","link":"https:\/\/yana.coach\/index.php\/quel-type-de-coaching\/","title":{"rendered":"Quel type de coaching ?"},"content":{"rendered":"\n<div class=\"wp-block-media-text alignwide is-stacked-on-mobile\"><figure class=\"wp-block-media-text__media\"><img loading=\"lazy\" decoding=\"async\" width=\"300\" height=\"208\" src=\"https:\/\/yana.coach\/wp-content\/uploads\/2021\/04\/soucis-coaching-300x208.jpg\" alt=\"Votre attente de coaching est sp\u00e9cifique.\n\nNous vous proposons plusieurs types de s\u00e9ances correspondant chacun \u00e0 une famille de probl\u00e9matiques.\" class=\"wp-image-118 size-medium\" srcset=\"https:\/\/yana.coach\/wp-content\/uploads\/2021\/04\/soucis-coaching-300x208.jpg 300w, https:\/\/yana.coach\/wp-content\/uploads\/2021\/04\/soucis-coaching.jpg 428w\" sizes=\"(max-width: 300px) 100vw, 300px\" \/><\/figure><div class=\"wp-block-media-text__content\">\n<p class=\"has-text-align-center\" style=\"font-size:23px\"><strong>Votre attente de coaching est sp\u00e9cifique<\/strong><br><br><br>Chaque type de coaching correspond \u00e0 une famille de probl\u00e9matiques<\/p>\n<\/div><\/div>\n\n\n\n<p><\/p>\n\n\n\n<div class=\"wp-block-media-text alignwide has-media-on-the-right is-stacked-on-mobile\" style=\"grid-template-columns:auto 28%\"><figure class=\"wp-block-media-text__media\"><a href=\"https:\/\/yana.coach\/index.php\/coaching-decisionnel\/\"><img loading=\"lazy\" decoding=\"async\" width=\"327\" height=\"218\" src=\"https:\/\/yana.coach\/wp-content\/uploads\/2021\/04\/coaching-decisionnel.jpg\" alt=\"Type de Coaching - Coaching d\u00e9cicionnel\" class=\"wp-image-119 size-full\" srcset=\"https:\/\/yana.coach\/wp-content\/uploads\/2021\/04\/coaching-decisionnel.jpg 327w, https:\/\/yana.coach\/wp-content\/uploads\/2021\/04\/coaching-decisionnel-300x200.jpg 300w\" sizes=\"(max-width: 327px) 100vw, 327px\" \/><\/a><\/figure><div class=\"wp-block-media-text__content\">\n<p class=\"has-large-font-size\">Coaching d\u00e9cisionnel :<\/p>\n\n\n\n<p class=\"has-text-align-center has-medium-font-size\">Vous avez une d\u00e9cision importante \u00e0 prendre, les \u00e9l\u00e9ments sont l\u00e0, vous h\u00e9sitez, les cons\u00e9quences seront peut-\u00eatre lourdes \u00e0 porter&#8230;<\/p>\n\n\n\n<div class=\"wp-block-image\"><figure class=\"aligncenter is-resized\"><a href=\"https:\/\/yana.coach\/index.php\/coaching-decisionnel\/\"><img loading=\"lazy\" decoding=\"async\" src=\"https:\/\/yana.coach\/wp-content\/uploads\/2021\/04\/pouce.gif\" alt=\"\" class=\"wp-image-106\" width=\"69\" height=\"65\"\/><\/a><\/figure><\/div>\n\n\n\n<p class=\"has-text-align-center has-medium-font-size\"><br><\/p>\n<\/div><\/div>\n\n\n\n<p><\/p>\n\n\n\n<div class=\"wp-block-media-text alignwide is-stacked-on-mobile\" style=\"grid-template-columns:28% auto\"><figure class=\"wp-block-media-text__media\"><a href=\"https:\/\/yana.coach\/index.php\/coaching-creatif\/\"><img loading=\"lazy\" decoding=\"async\" width=\"327\" height=\"218\" src=\"https:\/\/yana.coach\/wp-content\/uploads\/2021\/04\/coaching-creatif.jpg\" alt=\"type de Coaching - Coaching Cr\u00e9atif\" class=\"wp-image-121 size-full\" srcset=\"https:\/\/yana.coach\/wp-content\/uploads\/2021\/04\/coaching-creatif.jpg 327w, https:\/\/yana.coach\/wp-content\/uploads\/2021\/04\/coaching-creatif-300x200.jpg 300w\" sizes=\"(max-width: 327px) 100vw, 327px\" \/><\/a><\/figure><div class=\"wp-block-media-text__content\">\n<p class=\"has-large-font-size\">Coaching cr\u00e9atif :<\/p>\n\n\n\n<p class=\"has-text-align-center has-medium-font-size\">Il vous manque peu de choses, vous avez l&rsquo;id\u00e9e au bout des doigts, mais elle vous \u00e9chappe&#8230;<\/p>\n\n\n\n<div class=\"wp-block-image\"><figure class=\"aligncenter is-resized\"><a href=\"https:\/\/yana.coach\/index.php\/coaching-creatif\/\"><img loading=\"lazy\" decoding=\"async\" src=\"https:\/\/yana.coach\/wp-content\/uploads\/2021\/04\/creatif.gif\" alt=\"\" class=\"wp-image-107\" width=\"80\" height=\"80\"\/><\/a><\/figure><\/div>\n<\/div><\/div>\n\n\n\n<p><\/p>\n\n\n\n<div class=\"wp-block-media-text alignwide has-media-on-the-right is-stacked-on-mobile\" style=\"grid-template-columns:auto 28%\"><figure class=\"wp-block-media-text__media\"><a href=\"https:\/\/yana.coach\/index.php\/coaching-post-covid\/\"><img loading=\"lazy\" decoding=\"async\" width=\"327\" height=\"218\" src=\"https:\/\/yana.coach\/wp-content\/uploads\/2021\/04\/coaching-post-covid.jpg\" alt=\"Type de Coaching - Coaching Post-Covid\" class=\"wp-image-129 size-full\" srcset=\"https:\/\/yana.coach\/wp-content\/uploads\/2021\/04\/coaching-post-covid.jpg 327w, https:\/\/yana.coach\/wp-content\/uploads\/2021\/04\/coaching-post-covid-300x200.jpg 300w\" sizes=\"(max-width: 327px) 100vw, 327px\" \/><\/a><\/figure><div class=\"wp-block-media-text__content\">\n<p class=\"has-large-font-size\">Coaching Post-Covid :<\/p>\n\n\n\n<p class=\"has-text-align-center has-medium-font-size\">Le t\u00e9l\u00e9travail et le manque de relation humaine vous semblent impossible \u00e0 endurer, le futur vous parait sombre, la perte de sens vous angoisse&#8230;<\/p>\n\n\n\n<div class=\"wp-block-image\"><figure class=\"aligncenter is-resized\"><a href=\"https:\/\/yana.coach\/index.php\/coaching-post-covid\/\"><img loading=\"lazy\" decoding=\"async\" src=\"https:\/\/yana.coach\/wp-content\/uploads\/2021\/04\/postcovid.gif\" alt=\"\" class=\"wp-image-108\" width=\"80\" height=\"80\"\/><\/a><\/figure><\/div>\n\n\n\n<p class=\"has-text-align-center has-medium-font-size\"><br><\/p>\n<\/div><\/div>\n\n\n\n<p><\/p>\n\n\n\n<div class=\"wp-block-media-text alignwide is-stacked-on-mobile is-image-fill\" style=\"grid-template-columns:28% auto\"><figure class=\"wp-block-media-text__media\" style=\"background-image:url(https:\/\/yana.coach\/wp-content\/uploads\/2021\/04\/coaching-de-vie.jpg);background-position:50% 50%\"><a href=\"https:\/\/yana.coach\/index.php\/coaching-de-vie\/\"><img loading=\"lazy\" decoding=\"async\" width=\"327\" height=\"218\" src=\"https:\/\/yana.coach\/wp-content\/uploads\/2021\/04\/coaching-de-vie.jpg\" alt=\"Type de Coaching - Coaching de Vie\" class=\"wp-image-204 size-full\" srcset=\"https:\/\/yana.coach\/wp-content\/uploads\/2021\/04\/coaching-de-vie.jpg 327w, https:\/\/yana.coach\/wp-content\/uploads\/2021\/04\/coaching-de-vie-300x200.jpg 300w\" sizes=\"(max-width: 327px) 100vw, 327px\" \/><\/a><\/figure><div class=\"wp-block-media-text__content\">\n<p class=\"has-large-font-size\">Coaching de vie :<\/p>\n\n\n\n<p class=\"has-text-align-center has-medium-font-size\">La vie vous a jou\u00e9 un tour, vous voudriez comprendre, accepter ou grandir&#8230;<\/p>\n\n\n\n<div class=\"wp-block-image\"><figure class=\"aligncenter is-resized\"><a href=\"https:\/\/yana.coach\/index.php\/coaching-de-vie\/\"><img loading=\"lazy\" decoding=\"async\" src=\"https:\/\/yana.coach\/wp-content\/uploads\/2021\/04\/vie.gif\" alt=\"Coaching de vie\" class=\"wp-image-115\" width=\"80\" height=\"80\"\/><\/a><\/figure><\/div>\n<\/div><\/div>\n\n\n\n<p><\/p>\n\n\n\n<p>                  <\/p>\n\n\n\n<p>                        <\/p>\n\n\n\n<hr class=\"wp-block-separator\"\/>\n\n\n\n<p><\/p>\n\n\n\n<p class=\"has-medium-font-size\">Nous pouvons aussi accompagner d&rsquo;autres probl\u00e9matiques d<a href=\"https:\/\/yana.coach\/index.php\/entreprises\/\">&lsquo;entreprise<\/a> comme la <strong>r\u00e9sistance au changement<\/strong> ou les probl\u00e8mes psychiques au travail (<strong>pr\u00e9-burnout, bore-out, brown-out<\/strong>&#8230;). Il est aussi possible d&rsquo;organiser des <strong>coachings de groupe <\/strong>(relationnel d&rsquo;\u00e9quipe, gestion de conflit, r\u00e9organisation, CODEV&#8230;).<\/p>\n\n\n\n<p><\/p>\n\n\n\n<p class=\"has-medium-font-size\">Si vous \u00eates une entreprise <a href=\"https:\/\/yana.coach\/index.php\/contact\/\" data-type=\"page\" data-id=\"8\">contactez-nous par email<\/a> pour d\u00e9couvrir nos <a href=\"https:\/\/yana.coach\/index.php\/entreprises\/\">\u00ab\u00a0formules business\u00a0\u00bb<\/a>.<\/p>\n\n\n\n<p><\/p>\n\n\n<script type='text\/javascript'>\r\nvar wbk_get_converted = {\r\n\"blank\":\"blank\"}\r\n<\/script>\r\n<div class=\"wbk-outer-container wbk_booking_form_container\">\r\n\t<div class=\"wbk-inner-container\">\r\n     \t<img src=https:\/\/yana.coach\/wp-content\/plugins\/webba-booking\/public\/images\/loading.svg style=\"display:block;width:0px;height:0px;\">\r\n        <img src=https:\/\/yana.coach\/wp-content\/plugins\/webba-booking\/public\/images\/loading_small.svg style=\"display:block;width:0px;height:0px;\">\r\n\t\t<div class=\"wbk-frontend-row\" id=\"wbk-service-container\" >\r\n\t\t\t<div class=\"wbk-col-12-12\" >\r\n    <label class=\"wbk-input-label\">Choisissez votre prestation<\/label>\r\n    <select class=\"wbk-select wbk-input wbk_services\" id=\"wbk-service-id\">\r\n    <option value=\"0\" selected=\"selected\">choisir...<\/option>\r\n        <option data-desc=\"&lt;h5&gt;Tarif pour une s\u00e9ance de 90 minutes : 190 \u20ac&lt;\/h5&gt;\" value=\"2\"  data-multi-low-limit=\"\"  data-multi-limit=\"\" >Coaching Cr\u00e9atif avec Philippe<\/option>\r\n        <option data-desc=\"&lt;h5&gt;Tarif pour une s\u00e9ance de 60 minutes : 95 \u20ac&lt;\/h5&gt;\" value=\"4\"  data-multi-low-limit=\"\"  data-multi-limit=\"\" >Coaching de Vie avec Philippe<\/option>\r\n        <option data-desc=\"&lt;h5&gt;Tarif pour une s\u00e9ance de 90 minutes : 190 \u20ac&lt;\/h5&gt;\" value=\"1\"  data-multi-low-limit=\"\"  data-multi-limit=\"\" >Coaching D\u00e9cisionnel Entreprise avec Philippe<\/option>\r\n        <option data-desc=\"&lt;h5&gt;Tarif pour une s\u00e9ance de 60 minutes : 110 \u20ac&lt;\/h5&gt;\" value=\"8\"  data-multi-low-limit=\"\"  data-multi-limit=\"\" >Coaching D\u00e9cisionnel Personnel avec Philippe<\/option>\r\n        <option data-desc=\"&lt;h5&gt;R\u00e9servation sur la base d&#039;un contrat accept\u00e9 &lt;br \/&gt;(Vous avez d\u00e9j\u00e0 re\u00e7u vos coupons de r\u00e9servation)&lt;\/h5&gt;\" value=\"10\"  data-multi-low-limit=\"\"  data-multi-limit=\"\" >Coaching Entreprise avec Philippe<\/option>\r\n        <option data-desc=\"&lt;h5&gt;Tarif pour une s\u00e9ance de 60 minutes : 95 \u20ac&lt;\/h5&gt;\" value=\"3\"  data-multi-low-limit=\"\"  data-multi-limit=\"\" >Coaching Post-Covid avec Philippe<\/option>\r\n<\/select>\r\n<div class=\"wbk_description_holder\" id=\"wbk_description_holder\">\r\n    <label class=\"wbk-input-label\">\r\n\r\n    <\/label>\r\n<\/div>\r\n\t\t\t<\/div>\r\n\t\t<\/div>\r\n\t\t<div class=\"wbk-frontend-row wbk_date_container\" id=\"wbk-date-container\">\r\n\t\t<\/div>\r\n\t        <div class=\"wbk-frontend-row wbk_time_container\" id=\"wbk-time-container\">\r\n\t        <\/div>\r\n\t\t<div class=\"wbk-frontend-row wbk_slots_container\" id=\"wbk-slots-container\">\r\n\t\t<\/div>\r\n\t\t<div class=\"wbk-frontend-row wbk_booking_form_container\" id=\"wbk-booking-form-container\">\r\n\t\t<\/div>\r\n\t\t<div class=\"wbk-frontend-row wbk_booking_done\" id=\"wbk-booking-done\">\r\n\t\t<\/div>\r\n\t\t<div class=\"wbk-frontend-row wbk_payment\" id=\"wbk-payment\">\r\n\t\t<\/div>\r\n    <\/div>\r\n<\/div>\r\n\n\n\n\n<p><\/p>\n\n\n\n<p><br><br><br><br><br>Le type de coaching que vous choisirez vous permettra de trouver la solution adapt\u00e9e \u00e0 votre situation particuli\u00e8re. <\/p>\n\n\n\n<p>Un coaching de vie n\u2019est ni une th\u00e9rapie, ni une prestation de conseil. C\u2019est l\u2019accompagnement par un professionnel <a href=\"https:\/\/www.credly.com\/badges\/821ca273-6f71-41f4-840d-92ce12362e0f\" target=\"_blank\" rel=\"noreferrer noopener\">certifi\u00e9<\/a>, form\u00e9 et exp\u00e9riment\u00e9, en co-responsabilit\u00e9 avec son client coach\u00e9, pour trouver des actions pr\u00e9cises et concr\u00e8tes \u00e0 mettre en \u0153uvre dans le but solutionner sa probl\u00e9matique.<\/p>\n\n\n\n<p>Par le questionnement des \u00e9motions et des croyances, le coach Yana emm\u00e8ne son coach\u00e9 \u00e0 la d\u00e9couverte de ses propres ressources. Les prises de conscience qu&rsquo;il fera gr\u00e2ce \u00e0 lui, l&rsquo;inscrivent dans une d\u00e9marche constructive et apais\u00e9e. Elles lui permettent de grandir et d\u2019accueillir la vie avec des outils et une force qui sont d\u00e9j\u00e0 en lui.<br>Il ancre ces prises de conscience afin qu&rsquo;elles deviennent de nouvelles ressources o\u00f9 il pourra puiser.<\/p>\n\n\n\n<p>Le coach est parfois d\u00e9crit comme un accoucheur, ou un \u00e9veilleur.<br>Il est aussi comme votre meilleur supporter\u2026<\/p>\n","protected":false},"excerpt":{"rendered":"<p>Coaching d\u00e9cisionnel cr\u00e9atif post-covid de vie changement burn-out bore-out brown-out conflit reorganisation<\/p>\n","protected":false},"author":1,"featured_media":118,"parent":0,"menu_order":0,"comment_status":"closed","ping_status":"closed","template":"","meta":{"footnotes":""},"yoast_head":"<!-- This site is optimized with the Yoast SEO plugin v22.8 - https:\/\/yoast.com\/wordpress\/plugins\/seo\/ -->\n<title>Quel type de coaching ? - Yana - type de coaching<\/title>\n<meta name=\"description\" content=\"Yana vous propose diff\u00e9rents types de coachings en fonction de vos besoins - D\u00e9cisionnel \/ Cr\u00e9atif \/ post-Covid \/ de Vie. Une \u00e9quipe de professionnels certifi\u00e9s\" \/>\n<meta name=\"robots\" content=\"index, follow, max-snippet:-1, max-image-preview:large, max-video-preview:-1\" \/>\n<link rel=\"canonical\" href=\"https:\/\/yana.coach\/index.php\/quel-type-de-coaching\/\" \/>\n<meta property=\"og:locale\" content=\"fr_FR\" \/>\n<meta property=\"og:type\" content=\"article\" \/>\n<meta property=\"og:title\" content=\"Quel type de coaching ? - Yana - type de coaching\" \/>\n<meta property=\"og:description\" content=\"Yana vous propose diff\u00e9rents types de coachings en fonction de vos besoins - D\u00e9cisionnel \/ Cr\u00e9atif \/ post-Covid \/ de Vie. Une \u00e9quipe de professionnels certifi\u00e9s\" \/>\n<meta property=\"og:url\" content=\"https:\/\/yana.coach\/index.php\/quel-type-de-coaching\/\" \/>\n<meta property=\"og:site_name\" content=\"Yana\" \/>\n<meta property=\"article:modified_time\" content=\"2021-05-22T17:36:29+00:00\" \/>\n<meta property=\"og:image\" content=\"https:\/\/yana.coach\/wp-content\/uploads\/2021\/04\/soucis-coaching.jpg\" \/>\n\t<meta property=\"og:image:width\" content=\"428\" \/>\n\t<meta property=\"og:image:height\" content=\"297\" \/>\n\t<meta property=\"og:image:type\" content=\"image\/jpeg\" \/>\n<meta name=\"twitter:card\" content=\"summary_large_image\" \/>\n<meta name=\"twitter:label1\" content=\"Dur\u00e9e de lecture estim\u00e9e\" \/>\n\t<meta name=\"twitter:data1\" content=\"4 minutes\" \/>\n<script type=\"application\/ld+json\" class=\"yoast-schema-graph\">{\"@context\":\"https:\/\/schema.org\",\"@graph\":[{\"@type\":\"WebPage\",\"@id\":\"https:\/\/yana.coach\/index.php\/quel-type-de-coaching\/\",\"url\":\"https:\/\/yana.coach\/index.php\/quel-type-de-coaching\/\",\"name\":\"Quel type de coaching ? - Yana - type de coaching\",\"isPartOf\":{\"@id\":\"https:\/\/yana.coach\/#website\"},\"primaryImageOfPage\":{\"@id\":\"https:\/\/yana.coach\/index.php\/quel-type-de-coaching\/#primaryimage\"},\"image\":{\"@id\":\"https:\/\/yana.coach\/index.php\/quel-type-de-coaching\/#primaryimage\"},\"thumbnailUrl\":\"https:\/\/yana.coach\/wp-content\/uploads\/2021\/04\/soucis-coaching.jpg\",\"datePublished\":\"2021-04-05T15:56:35+00:00\",\"dateModified\":\"2021-05-22T17:36:29+00:00\",\"description\":\"Yana vous propose diff\u00e9rents types de coachings en fonction de vos besoins - D\u00e9cisionnel \/ Cr\u00e9atif \/ post-Covid \/ de Vie. Une \u00e9quipe de professionnels certifi\u00e9s\",\"breadcrumb\":{\"@id\":\"https:\/\/yana.coach\/index.php\/quel-type-de-coaching\/#breadcrumb\"},\"inLanguage\":\"fr-FR\",\"potentialAction\":[{\"@type\":\"ReadAction\",\"target\":[\"https:\/\/yana.coach\/index.php\/quel-type-de-coaching\/\"]}]},{\"@type\":\"ImageObject\",\"inLanguage\":\"fr-FR\",\"@id\":\"https:\/\/yana.coach\/index.php\/quel-type-de-coaching\/#primaryimage\",\"url\":\"https:\/\/yana.coach\/wp-content\/uploads\/2021\/04\/soucis-coaching.jpg\",\"contentUrl\":\"https:\/\/yana.coach\/wp-content\/uploads\/2021\/04\/soucis-coaching.jpg\",\"width\":428,\"height\":297},{\"@type\":\"BreadcrumbList\",\"@id\":\"https:\/\/yana.coach\/index.php\/quel-type-de-coaching\/#breadcrumb\",\"itemListElement\":[{\"@type\":\"ListItem\",\"position\":1,\"name\":\"Accueil\",\"item\":\"https:\/\/yana.coach\/\"},{\"@type\":\"ListItem\",\"position\":2,\"name\":\"Quel type de coaching ?\"}]},{\"@type\":\"WebSite\",\"@id\":\"https:\/\/yana.coach\/#website\",\"url\":\"https:\/\/yana.coach\/\",\"name\":\"Yana\",\"description\":\"You Are Not Alone\",\"publisher\":{\"@id\":\"https:\/\/yana.coach\/#organization\"},\"potentialAction\":[{\"@type\":\"SearchAction\",\"target\":{\"@type\":\"EntryPoint\",\"urlTemplate\":\"https:\/\/yana.coach\/?s={search_term_string}\"},\"query-input\":\"required name=search_term_string\"}],\"inLanguage\":\"fr-FR\"},{\"@type\":\"Organization\",\"@id\":\"https:\/\/yana.coach\/#organization\",\"name\":\"YANA\",\"url\":\"https:\/\/yana.coach\/\",\"logo\":{\"@type\":\"ImageObject\",\"inLanguage\":\"fr-FR\",\"@id\":\"https:\/\/yana.coach\/#\/schema\/logo\/image\/\",\"url\":\"https:\/\/yana.coach\/wp-content\/uploads\/2021\/04\/logo-yana-coaching.jpg\",\"contentUrl\":\"https:\/\/yana.coach\/wp-content\/uploads\/2021\/04\/logo-yana-coaching.jpg\",\"width\":400,\"height\":210,\"caption\":\"YANA\"},\"image\":{\"@id\":\"https:\/\/yana.coach\/#\/schema\/logo\/image\/\"},\"sameAs\":[\"https:\/\/www.linkedin.com\/in\/phil-michel\/\"]}]}<\/script>\n<!-- \/ Yoast SEO plugin. -->","yoast_head_json":{"title":"Quel type de coaching ? - Yana - type de coaching","description":"Yana vous propose diff\u00e9rents types de coachings en fonction de vos besoins - D\u00e9cisionnel \/ Cr\u00e9atif \/ post-Covid \/ de Vie. Une \u00e9quipe de professionnels certifi\u00e9s","robots":{"index":"index","follow":"follow","max-snippet":"max-snippet:-1","max-image-preview":"max-image-preview:large","max-video-preview":"max-video-preview:-1"},"canonical":"https:\/\/yana.coach\/index.php\/quel-type-de-coaching\/","og_locale":"fr_FR","og_type":"article","og_title":"Quel type de coaching ? - Yana - type de coaching","og_description":"Yana vous propose diff\u00e9rents types de coachings en fonction de vos besoins - D\u00e9cisionnel \/ Cr\u00e9atif \/ post-Covid \/ de Vie. Une \u00e9quipe de professionnels certifi\u00e9s","og_url":"https:\/\/yana.coach\/index.php\/quel-type-de-coaching\/","og_site_name":"Yana","article_modified_time":"2021-05-22T17:36:29+00:00","og_image":[{"width":428,"height":297,"url":"https:\/\/yana.coach\/wp-content\/uploads\/2021\/04\/soucis-coaching.jpg","type":"image\/jpeg"}],"twitter_card":"summary_large_image","twitter_misc":{"Dur\u00e9e de lecture estim\u00e9e":"4 minutes"},"schema":{"@context":"https:\/\/schema.org","@graph":[{"@type":"WebPage","@id":"https:\/\/yana.coach\/index.php\/quel-type-de-coaching\/","url":"https:\/\/yana.coach\/index.php\/quel-type-de-coaching\/","name":"Quel type de coaching ? - Yana - type de coaching","isPartOf":{"@id":"https:\/\/yana.coach\/#website"},"primaryImageOfPage":{"@id":"https:\/\/yana.coach\/index.php\/quel-type-de-coaching\/#primaryimage"},"image":{"@id":"https:\/\/yana.coach\/index.php\/quel-type-de-coaching\/#primaryimage"},"thumbnailUrl":"https:\/\/yana.coach\/wp-content\/uploads\/2021\/04\/soucis-coaching.jpg","datePublished":"2021-04-05T15:56:35+00:00","dateModified":"2021-05-22T17:36:29+00:00","description":"Yana vous propose diff\u00e9rents types de coachings en fonction de vos besoins - D\u00e9cisionnel \/ Cr\u00e9atif \/ post-Covid \/ de Vie. Une \u00e9quipe de professionnels certifi\u00e9s","breadcrumb":{"@id":"https:\/\/yana.coach\/index.php\/quel-type-de-coaching\/#breadcrumb"},"inLanguage":"fr-FR","potentialAction":[{"@type":"ReadAction","target":["https:\/\/yana.coach\/index.php\/quel-type-de-coaching\/"]}]},{"@type":"ImageObject","inLanguage":"fr-FR","@id":"https:\/\/yana.coach\/index.php\/quel-type-de-coaching\/#primaryimage","url":"https:\/\/yana.coach\/wp-content\/uploads\/2021\/04\/soucis-coaching.jpg","contentUrl":"https:\/\/yana.coach\/wp-content\/uploads\/2021\/04\/soucis-coaching.jpg","width":428,"height":297},{"@type":"BreadcrumbList","@id":"https:\/\/yana.coach\/index.php\/quel-type-de-coaching\/#breadcrumb","itemListElement":[{"@type":"ListItem","position":1,"name":"Accueil","item":"https:\/\/yana.coach\/"},{"@type":"ListItem","position":2,"name":"Quel type de coaching ?"}]},{"@type":"WebSite","@id":"https:\/\/yana.coach\/#website","url":"https:\/\/yana.coach\/","name":"Yana","description":"You Are Not Alone","publisher":{"@id":"https:\/\/yana.coach\/#organization"},"potentialAction":[{"@type":"SearchAction","target":{"@type":"EntryPoint","urlTemplate":"https:\/\/yana.coach\/?s={search_term_string}"},"query-input":"required name=search_term_string"}],"inLanguage":"fr-FR"},{"@type":"Organization","@id":"https:\/\/yana.coach\/#organization","name":"YANA","url":"https:\/\/yana.coach\/","logo":{"@type":"ImageObject","inLanguage":"fr-FR","@id":"https:\/\/yana.coach\/#\/schema\/logo\/image\/","url":"https:\/\/yana.coach\/wp-content\/uploads\/2021\/04\/logo-yana-coaching.jpg","contentUrl":"https:\/\/yana.coach\/wp-content\/uploads\/2021\/04\/logo-yana-coaching.jpg","width":400,"height":210,"caption":"YANA"},"image":{"@id":"https:\/\/yana.coach\/#\/schema\/logo\/image\/"},"sameAs":["https:\/\/www.linkedin.com\/in\/phil-michel\/"]}]}},"_links":{"self":[{"href":"https:\/\/yana.coach\/index.php\/wp-json\/wp\/v2\/pages\/41"}],"collection":[{"href":"https:\/\/yana.coach\/index.php\/wp-json\/wp\/v2\/pages"}],"about":[{"href":"https:\/\/yana.coach\/index.php\/wp-json\/wp\/v2\/types\/page"}],"author":[{"embeddable":true,"href":"https:\/\/yana.coach\/index.php\/wp-json\/wp\/v2\/users\/1"}],"replies":[{"embeddable":true,"href":"https:\/\/yana.coach\/index.php\/wp-json\/wp\/v2\/comments?post=41"}],"version-history":[{"count":37,"href":"https:\/\/yana.coach\/index.php\/wp-json\/wp\/v2\/pages\/41\/revisions"}],"predecessor-version":[{"id":433,"href":"https:\/\/yana.coach\/index.php\/wp-json\/wp\/v2\/pages\/41\/revisions\/433"}],"wp:featuredmedia":[{"embeddable":true,"href":"https:\/\/yana.coach\/index.php\/wp-json\/wp\/v2\/media\/118"}],"wp:attachment":[{"href":"https:\/\/yana.coach\/index.php\/wp-json\/wp\/v2\/media?parent=41"}],"curies":[{"name":"wp","href":"https:\/\/api.w.org\/{rel}","templated":true}]}}