{"id":42,"date":"2021-04-05T17:56:35","date_gmt":"2021-04-05T15:56:35","guid":{"rendered":"http:\/\/yana.coach\/?page_id=42"},"modified":"2021-05-24T19:51:18","modified_gmt":"2021-05-24T17:51:18","slug":"reserver-une-seance-de-coaching","status":"publish","type":"page","link":"https:\/\/yana.coach\/index.php\/reserver-une-seance-de-coaching\/","title":{"rendered":"R\u00e9server une s\u00e9ance de coaching"},"content":{"rendered":"<script type='text\/javascript'>\r\nvar wbk_get_converted = {\r\n\"blank\":\"blank\"}\r\n<\/script>\r\n<div class=\"wbk-outer-container wbk_booking_form_container\">\r\n\t<div class=\"wbk-inner-container\">\r\n     \t<img src=https:\/\/yana.coach\/wp-content\/plugins\/webba-booking\/public\/images\/loading.svg style=\"display:block;width:0px;height:0px;\">\r\n        <img src=https:\/\/yana.coach\/wp-content\/plugins\/webba-booking\/public\/images\/loading_small.svg style=\"display:block;width:0px;height:0px;\">\r\n\t\t<div class=\"wbk-frontend-row\" id=\"wbk-service-container\" >\r\n\t\t\t<div class=\"wbk-col-12-12\" >\r\n    <label class=\"wbk-input-label\">Choisissez votre prestation<\/label>\r\n    <select class=\"wbk-select wbk-input wbk_services\" id=\"wbk-service-id\">\r\n    <option value=\"0\" selected=\"selected\">choisir...<\/option>\r\n        <option data-desc=\"&lt;h5&gt;Tarif pour une s\u00e9ance de 90 minutes : 190 \u20ac&lt;\/h5&gt;\" value=\"2\"  data-multi-low-limit=\"\"  data-multi-limit=\"\" >Coaching Cr\u00e9atif avec Philippe<\/option>\r\n        <option data-desc=\"&lt;h5&gt;Tarif pour une s\u00e9ance de 60 minutes : 95 \u20ac&lt;\/h5&gt;\" value=\"4\"  data-multi-low-limit=\"\"  data-multi-limit=\"\" >Coaching de Vie avec Philippe<\/option>\r\n        <option data-desc=\"&lt;h5&gt;Tarif pour une s\u00e9ance de 90 minutes : 190 \u20ac&lt;\/h5&gt;\" value=\"1\"  data-multi-low-limit=\"\"  data-multi-limit=\"\" >Coaching D\u00e9cisionnel Entreprise avec Philippe<\/option>\r\n        <option data-desc=\"&lt;h5&gt;Tarif pour une s\u00e9ance de 60 minutes : 110 \u20ac&lt;\/h5&gt;\" value=\"8\"  data-multi-low-limit=\"\"  data-multi-limit=\"\" >Coaching D\u00e9cisionnel Personnel avec Philippe<\/option>\r\n        <option data-desc=\"&lt;h5&gt;R\u00e9servation sur la base d&#039;un contrat accept\u00e9 &lt;br \/&gt;(Vous avez d\u00e9j\u00e0 re\u00e7u vos coupons de r\u00e9servation)&lt;\/h5&gt;\" value=\"10\"  data-multi-low-limit=\"\"  data-multi-limit=\"\" >Coaching Entreprise avec Philippe<\/option>\r\n        <option data-desc=\"&lt;h5&gt;Tarif pour une s\u00e9ance de 60 minutes : 95 \u20ac&lt;\/h5&gt;\" value=\"3\"  data-multi-low-limit=\"\"  data-multi-limit=\"\" >Coaching Post-Covid avec Philippe<\/option>\r\n<\/select>\r\n<div class=\"wbk_description_holder\" id=\"wbk_description_holder\">\r\n    <label class=\"wbk-input-label\">\r\n\r\n    <\/label>\r\n<\/div>\r\n\t\t\t<\/div>\r\n\t\t<\/div>\r\n\t\t<div class=\"wbk-frontend-row wbk_date_container\" id=\"wbk-date-container\">\r\n\t\t<\/div>\r\n\t        <div class=\"wbk-frontend-row wbk_time_container\" id=\"wbk-time-container\">\r\n\t        <\/div>\r\n\t\t<div class=\"wbk-frontend-row wbk_slots_container\" id=\"wbk-slots-container\">\r\n\t\t<\/div>\r\n\t\t<div class=\"wbk-frontend-row wbk_booking_form_container\" id=\"wbk-booking-form-container\">\r\n\t\t<\/div>\r\n\t\t<div class=\"wbk-frontend-row wbk_booking_done\" id=\"wbk-booking-done\">\r\n\t\t<\/div>\r\n\t\t<div class=\"wbk-frontend-row wbk_payment\" id=\"wbk-payment\">\r\n\t\t<\/div>\r\n    <\/div>\r\n<\/div>\r\n\n\n\n\n<p><\/p>\n","protected":false},"excerpt":{"rendered":"","protected":false},"author":1,"featured_media":0,"parent":0,"menu_order":0,"comment_status":"closed","ping_status":"closed","template":"","meta":{"footnotes":""},"yoast_head":"<!-- This site is optimized with the Yoast SEO plugin v22.8 - https:\/\/yoast.com\/wordpress\/plugins\/seo\/ -->\n<title>R\u00e9server une s\u00e9ance de coaching - Yana<\/title>\n<meta name=\"robots\" content=\"index, follow, max-snippet:-1, max-image-preview:large, max-video-preview:-1\" \/>\n<link rel=\"canonical\" href=\"https:\/\/yana.coach\/index.php\/reserver-une-seance-de-coaching\/\" \/>\n<meta property=\"og:locale\" content=\"fr_FR\" \/>\n<meta property=\"og:type\" content=\"article\" \/>\n<meta property=\"og:title\" content=\"R\u00e9server une s\u00e9ance de coaching - Yana\" \/>\n<meta property=\"og:url\" content=\"https:\/\/yana.coach\/index.php\/reserver-une-seance-de-coaching\/\" \/>\n<meta property=\"og:site_name\" content=\"Yana\" \/>\n<meta property=\"article:modified_time\" content=\"2021-05-24T17:51:18+00:00\" \/>\n<meta name=\"twitter:card\" content=\"summary_large_image\" \/>\n<meta name=\"twitter:label1\" content=\"Dur\u00e9e de lecture estim\u00e9e\" \/>\n\t<meta name=\"twitter:data1\" content=\"1 minute\" \/>\n<script type=\"application\/ld+json\" class=\"yoast-schema-graph\">{\"@context\":\"https:\/\/schema.org\",\"@graph\":[{\"@type\":\"WebPage\",\"@id\":\"https:\/\/yana.coach\/index.php\/reserver-une-seance-de-coaching\/\",\"url\":\"https:\/\/yana.coach\/index.php\/reserver-une-seance-de-coaching\/\",\"name\":\"R\u00e9server une s\u00e9ance de coaching - Yana\",\"isPartOf\":{\"@id\":\"https:\/\/yana.coach\/#website\"},\"datePublished\":\"2021-04-05T15:56:35+00:00\",\"dateModified\":\"2021-05-24T17:51:18+00:00\",\"breadcrumb\":{\"@id\":\"https:\/\/yana.coach\/index.php\/reserver-une-seance-de-coaching\/#breadcrumb\"},\"inLanguage\":\"fr-FR\",\"potentialAction\":[{\"@type\":\"ReadAction\",\"target\":[\"https:\/\/yana.coach\/index.php\/reserver-une-seance-de-coaching\/\"]}]},{\"@type\":\"BreadcrumbList\",\"@id\":\"https:\/\/yana.coach\/index.php\/reserver-une-seance-de-coaching\/#breadcrumb\",\"itemListElement\":[{\"@type\":\"ListItem\",\"position\":1,\"name\":\"Accueil\",\"item\":\"https:\/\/yana.coach\/\"},{\"@type\":\"ListItem\",\"position\":2,\"name\":\"R\u00e9server une s\u00e9ance de coaching\"}]},{\"@type\":\"WebSite\",\"@id\":\"https:\/\/yana.coach\/#website\",\"url\":\"https:\/\/yana.coach\/\",\"name\":\"Yana\",\"description\":\"You Are Not Alone\",\"publisher\":{\"@id\":\"https:\/\/yana.coach\/#organization\"},\"potentialAction\":[{\"@type\":\"SearchAction\",\"target\":{\"@type\":\"EntryPoint\",\"urlTemplate\":\"https:\/\/yana.coach\/?s={search_term_string}\"},\"query-input\":\"required name=search_term_string\"}],\"inLanguage\":\"fr-FR\"},{\"@type\":\"Organization\",\"@id\":\"https:\/\/yana.coach\/#organization\",\"name\":\"YANA\",\"url\":\"https:\/\/yana.coach\/\",\"logo\":{\"@type\":\"ImageObject\",\"inLanguage\":\"fr-FR\",\"@id\":\"https:\/\/yana.coach\/#\/schema\/logo\/image\/\",\"url\":\"https:\/\/yana.coach\/wp-content\/uploads\/2021\/04\/logo-yana-coaching.jpg\",\"contentUrl\":\"https:\/\/yana.coach\/wp-content\/uploads\/2021\/04\/logo-yana-coaching.jpg\",\"width\":400,\"height\":210,\"caption\":\"YANA\"},\"image\":{\"@id\":\"https:\/\/yana.coach\/#\/schema\/logo\/image\/\"},\"sameAs\":[\"https:\/\/www.linkedin.com\/in\/phil-michel\/\"]}]}<\/script>\n<!-- \/ Yoast SEO plugin. -->","yoast_head_json":{"title":"R\u00e9server une s\u00e9ance de coaching - Yana","robots":{"index":"index","follow":"follow","max-snippet":"max-snippet:-1","max-image-preview":"max-image-preview:large","max-video-preview":"max-video-preview:-1"},"canonical":"https:\/\/yana.coach\/index.php\/reserver-une-seance-de-coaching\/","og_locale":"fr_FR","og_type":"article","og_title":"R\u00e9server une s\u00e9ance de coaching - Yana","og_url":"https:\/\/yana.coach\/index.php\/reserver-une-seance-de-coaching\/","og_site_name":"Yana","article_modified_time":"2021-05-24T17:51:18+00:00","twitter_card":"summary_large_image","twitter_misc":{"Dur\u00e9e de lecture estim\u00e9e":"1 minute"},"schema":{"@context":"https:\/\/schema.org","@graph":[{"@type":"WebPage","@id":"https:\/\/yana.coach\/index.php\/reserver-une-seance-de-coaching\/","url":"https:\/\/yana.coach\/index.php\/reserver-une-seance-de-coaching\/","name":"R\u00e9server une s\u00e9ance de coaching - Yana","isPartOf":{"@id":"https:\/\/yana.coach\/#website"},"datePublished":"2021-04-05T15:56:35+00:00","dateModified":"2021-05-24T17:51:18+00:00","breadcrumb":{"@id":"https:\/\/yana.coach\/index.php\/reserver-une-seance-de-coaching\/#breadcrumb"},"inLanguage":"fr-FR","potentialAction":[{"@type":"ReadAction","target":["https:\/\/yana.coach\/index.php\/reserver-une-seance-de-coaching\/"]}]},{"@type":"BreadcrumbList","@id":"https:\/\/yana.coach\/index.php\/reserver-une-seance-de-coaching\/#breadcrumb","itemListElement":[{"@type":"ListItem","position":1,"name":"Accueil","item":"https:\/\/yana.coach\/"},{"@type":"ListItem","position":2,"name":"R\u00e9server une s\u00e9ance de coaching"}]},{"@type":"WebSite","@id":"https:\/\/yana.coach\/#website","url":"https:\/\/yana.coach\/","name":"Yana","description":"You Are Not Alone","publisher":{"@id":"https:\/\/yana.coach\/#organization"},"potentialAction":[{"@type":"SearchAction","target":{"@type":"EntryPoint","urlTemplate":"https:\/\/yana.coach\/?s={search_term_string}"},"query-input":"required name=search_term_string"}],"inLanguage":"fr-FR"},{"@type":"Organization","@id":"https:\/\/yana.coach\/#organization","name":"YANA","url":"https:\/\/yana.coach\/","logo":{"@type":"ImageObject","inLanguage":"fr-FR","@id":"https:\/\/yana.coach\/#\/schema\/logo\/image\/","url":"https:\/\/yana.coach\/wp-content\/uploads\/2021\/04\/logo-yana-coaching.jpg","contentUrl":"https:\/\/yana.coach\/wp-content\/uploads\/2021\/04\/logo-yana-coaching.jpg","width":400,"height":210,"caption":"YANA"},"image":{"@id":"https:\/\/yana.coach\/#\/schema\/logo\/image\/"},"sameAs":["https:\/\/www.linkedin.com\/in\/phil-michel\/"]}]}},"_links":{"self":[{"href":"https:\/\/yana.coach\/index.php\/wp-json\/wp\/v2\/pages\/42"}],"collection":[{"href":"https:\/\/yana.coach\/index.php\/wp-json\/wp\/v2\/pages"}],"about":[{"href":"https:\/\/yana.coach\/index.php\/wp-json\/wp\/v2\/types\/page"}],"author":[{"embeddable":true,"href":"https:\/\/yana.coach\/index.php\/wp-json\/wp\/v2\/users\/1"}],"replies":[{"embeddable":true,"href":"https:\/\/yana.coach\/index.php\/wp-json\/wp\/v2\/comments?post=42"}],"version-history":[{"count":7,"href":"https:\/\/yana.coach\/index.php\/wp-json\/wp\/v2\/pages\/42\/revisions"}],"predecessor-version":[{"id":439,"href":"https:\/\/yana.coach\/index.php\/wp-json\/wp\/v2\/pages\/42\/revisions\/439"}],"wp:attachment":[{"href":"https:\/\/yana.coach\/index.php\/wp-json\/wp\/v2\/media?parent=42"}],"curies":[{"name":"wp","href":"https:\/\/api.w.org\/{rel}","templated":true}]}}