{"id":43,"date":"2021-04-05T17:56:35","date_gmt":"2021-04-05T15:56:35","guid":{"rendered":"http:\/\/yana.coach\/?page_id=43"},"modified":"2021-05-08T23:40:16","modified_gmt":"2021-05-08T21:40:16","slug":"coaching-decisionnel","status":"publish","type":"page","link":"https:\/\/yana.coach\/index.php\/coaching-decisionnel\/","title":{"rendered":"Coaching d\u00e9cisionnel"},"content":{"rendered":"\n<div class=\"wp-block-media-text alignwide has-media-on-the-right is-stacked-on-mobile\" style=\"grid-template-columns:auto 28%\"><figure class=\"wp-block-media-text__media\"><img loading=\"lazy\" decoding=\"async\" width=\"327\" height=\"218\" src=\"https:\/\/yana.coach\/wp-content\/uploads\/2021\/04\/coaching-decisionnel.jpg\" alt=\"Coaching d\u00e9cisionnel choix complexe pression urgence stress cons\u00e9quences s\u00e9curit\u00e9 confiance options \" class=\"wp-image-119 size-full\" srcset=\"https:\/\/yana.coach\/wp-content\/uploads\/2021\/04\/coaching-decisionnel.jpg 327w, https:\/\/yana.coach\/wp-content\/uploads\/2021\/04\/coaching-decisionnel-300x200.jpg 300w\" sizes=\"(max-width: 327px) 100vw, 327px\" \/><\/figure><div class=\"wp-block-media-text__content\">\n<p class=\"has-medium-font-size\">Vous avez une d\u00e9cision importante \u00e0 prendre, les \u00e9l\u00e9ments sont l\u00e0, vous h\u00e9sitez, les cons\u00e9quences seront peut-\u00eatre lourdes \u00e0 porter&#8230;<br>Un coaching d\u00e9cisionnel vous aidera \u00e0 consolider votre prise de d\u00e9cision.<\/p>\n<\/div><\/div>\n\n\n\n<blockquote class=\"wp-block-quote is-layout-flow wp-block-quote-is-layout-flow\"><p>\u00ab\u00a0Choisir, c&rsquo;\u00e9tait renoncer pour toujours, pour jamais, \u00e0 tout le reste et la quantit\u00e9 nombreuse de ce reste demeurait pr\u00e9f\u00e9rable \u00e0 n&rsquo;importe quelle unit\u00e9\u00a0\u00bb<br><a href=\"https:\/\/fr.wikisource.org\/wiki\/Page:Gide_-_Les_Nourritures_terrestres.djvu\/81#:~:text=choisir%2C%20c'%C3%A9tait%20renoncer%20pour,aussit%C3%B4t%20plus%20poss%C3%A9der%20que%20cela.\">Andr\u00e9 Gide<\/a><\/p><\/blockquote>\n\n\n\n<p>Prendre une d\u00e9cision peut parfois \u00eatre complexe.<br>La pression ambiante, l&rsquo;urgence, le stress, les cons\u00e9quences estim\u00e9es peuvent bloquer le processus cognitif habituel.<\/p>\n\n\n\n<p>Notre accompagnement s&rsquo;inscrit dans une d\u00e9marche vous permettant de retrouver les capacit\u00e9s d&rsquo;analyse, le recul n\u00e9cessaire, permettant de choisir au mieux la meilleure solution, au pire, la moins mauvaise:<\/p>\n\n\n\n<ul><li>Mise en condition de s\u00e9curit\u00e9 et de confiance,<\/li><li>Vous accompagner \u00e0 vous poser la bonne question,<\/li><li>Vous poser la bonne question dans toutes ses dimensions,<\/li><li>Vous faire \u00e9noncer vos options,<\/li><li>Vous permettre de choisir en conscience et cons\u00e9quence.<\/li><\/ul>\n\n\n\n<p>D&rsquo;une dur\u00e9e de 2 heures, notre s\u00e9ance de coaching d\u00e9cisionnel se d\u00e9roule par visioconf\u00e9rence.<br>Comme pour tous nos coaching, l&rsquo;\u00e9thique et la confidentialit\u00e9 sont nos premiers engagements.<br>Nous ne garantissons pas la qualit\u00e9 de votre d\u00e9cision, seulement de vous permettre d&rsquo;\u00eatre en situation de prendre la plus adapt\u00e9e.<\/p>\n\n\n\n<p><\/p>\n\n\n<script type='text\/javascript'>\r\nvar wbk_get_converted = {\r\n\"blank\":\"blank\"}\r\n<\/script>\r\n<div class=\"wbk-outer-container wbk_booking_form_container\">\r\n\t<div class=\"wbk-inner-container\">\r\n     \t<img src=https:\/\/yana.coach\/wp-content\/plugins\/webba-booking\/public\/images\/loading.svg style=\"display:block;width:0px;height:0px;\">\r\n        <img src=https:\/\/yana.coach\/wp-content\/plugins\/webba-booking\/public\/images\/loading_small.svg style=\"display:block;width:0px;height:0px;\">\r\n\t\t<div class=\"wbk-frontend-row\" id=\"wbk-service-container\" >\r\n\t\t\t<div class=\"wbk-col-12-12\" >\r\n    <label class=\"wbk-input-label\">Choisissez votre prestation<\/label>\r\n    <select class=\"wbk-select wbk-input wbk_services\" id=\"wbk-service-id\">\r\n    <option value=\"0\" selected=\"selected\">choisir...<\/option>\r\n        <option data-desc=\"&lt;h5&gt;Tarif pour une s\u00e9ance de 90 minutes : 190 \u20ac&lt;\/h5&gt;\" value=\"1\"  data-multi-low-limit=\"\"  data-multi-limit=\"\" >Coaching D\u00e9cisionnel Entreprise avec Philippe<\/option>\r\n        <option data-desc=\"&lt;h5&gt;Tarif pour une s\u00e9ance de 60 minutes : 110 \u20ac&lt;\/h5&gt;\" value=\"8\"  data-multi-low-limit=\"\"  data-multi-limit=\"\" >Coaching D\u00e9cisionnel Personnel avec Philippe<\/option>\r\n<\/select>\r\n<div class=\"wbk_description_holder\" id=\"wbk_description_holder\">\r\n    <label class=\"wbk-input-label\">\r\n\r\n    <\/label>\r\n<\/div>\r\n\t\t\t<\/div>\r\n\t\t<\/div>\r\n\t\t<div class=\"wbk-frontend-row wbk_date_container\" id=\"wbk-date-container\">\r\n\t\t<\/div>\r\n\t        <div class=\"wbk-frontend-row wbk_time_container\" id=\"wbk-time-container\">\r\n\t        <\/div>\r\n\t\t<div class=\"wbk-frontend-row wbk_slots_container\" id=\"wbk-slots-container\">\r\n\t\t<\/div>\r\n\t\t<div class=\"wbk-frontend-row wbk_booking_form_container\" id=\"wbk-booking-form-container\">\r\n\t\t<\/div>\r\n\t\t<div class=\"wbk-frontend-row wbk_booking_done\" id=\"wbk-booking-done\">\r\n\t\t<\/div>\r\n\t\t<div class=\"wbk-frontend-row wbk_payment\" id=\"wbk-payment\">\r\n\t\t<\/div>\r\n    <\/div>\r\n<\/div>\r\n\n\n\n\n<p><\/p>\n\n\n\n<p>Nous proposons aussi une gamme compl\u00e8te de coaching pour r\u00e9pondre au diverses attentes :<\/p>\n\n\n\n<ul><li><a href=\"https:\/\/yana.coach\/index.php\/coaching-creatif\/\">Coaching Cr\u00e9atif<\/a><\/li><li><a href=\"https:\/\/yana.coach\/index.php\/coaching-post-covid\/\">Coaching Post-Covid<\/a><\/li><li><a href=\"https:\/\/yana.coach\/index.php\/coaching-de-vie\/\">Coaching de Vie<\/a><\/li><\/ul>\n","protected":false},"excerpt":{"rendered":"<p>Vous avez une d\u00e9cision importante \u00e0 prendre, les \u00e9l\u00e9ments sont l\u00e0, vous h\u00e9sitez, les cons\u00e9quences seront peut-\u00eatre lourdes \u00e0 porter&#8230;<\/p>\n","protected":false},"author":1,"featured_media":119,"parent":0,"menu_order":0,"comment_status":"closed","ping_status":"closed","template":"","meta":{"footnotes":""},"yoast_head":"<!-- This site is optimized with the Yoast SEO plugin v22.8 - https:\/\/yoast.com\/wordpress\/plugins\/seo\/ -->\n<title>Yana coaching d\u00e9cisionnel - accompagnement et aide \u00e0 la d\u00e9cision<\/title>\n<meta name=\"description\" content=\"Un coaching d\u00e9cisionnel vous permettra de choisir en toute conscience sur des sujets complexes de vie priv\u00e9e ou professionnelle\" \/>\n<meta name=\"robots\" content=\"index, follow, max-snippet:-1, max-image-preview:large, max-video-preview:-1\" \/>\n<link rel=\"canonical\" href=\"https:\/\/yana.coach\/index.php\/coaching-decisionnel\/\" \/>\n<meta property=\"og:locale\" content=\"fr_FR\" \/>\n<meta property=\"og:type\" content=\"article\" \/>\n<meta property=\"og:title\" content=\"Yana coaching d\u00e9cisionnel - accompagnement et aide \u00e0 la d\u00e9cision\" \/>\n<meta property=\"og:description\" content=\"Un coaching d\u00e9cisionnel vous permettra de choisir en toute conscience sur des sujets complexes de vie priv\u00e9e ou professionnelle\" \/>\n<meta property=\"og:url\" content=\"https:\/\/yana.coach\/index.php\/coaching-decisionnel\/\" \/>\n<meta property=\"og:site_name\" content=\"Yana\" \/>\n<meta property=\"article:modified_time\" content=\"2021-05-08T21:40:16+00:00\" \/>\n<meta property=\"og:image\" content=\"https:\/\/yana.coach\/wp-content\/uploads\/2021\/04\/coaching-decisionnel.jpg\" \/>\n\t<meta property=\"og:image:width\" content=\"327\" \/>\n\t<meta property=\"og:image:height\" content=\"218\" \/>\n\t<meta property=\"og:image:type\" content=\"image\/jpeg\" \/>\n<meta name=\"twitter:card\" content=\"summary_large_image\" \/>\n<meta name=\"twitter:label1\" content=\"Dur\u00e9e de lecture estim\u00e9e\" \/>\n\t<meta name=\"twitter:data1\" content=\"2 minutes\" \/>\n<script type=\"application\/ld+json\" class=\"yoast-schema-graph\">{\"@context\":\"https:\/\/schema.org\",\"@graph\":[{\"@type\":\"WebPage\",\"@id\":\"https:\/\/yana.coach\/index.php\/coaching-decisionnel\/\",\"url\":\"https:\/\/yana.coach\/index.php\/coaching-decisionnel\/\",\"name\":\"Yana coaching d\u00e9cisionnel - accompagnement et aide \u00e0 la d\u00e9cision\",\"isPartOf\":{\"@id\":\"https:\/\/yana.coach\/#website\"},\"primaryImageOfPage\":{\"@id\":\"https:\/\/yana.coach\/index.php\/coaching-decisionnel\/#primaryimage\"},\"image\":{\"@id\":\"https:\/\/yana.coach\/index.php\/coaching-decisionnel\/#primaryimage\"},\"thumbnailUrl\":\"https:\/\/yana.coach\/wp-content\/uploads\/2021\/04\/coaching-decisionnel.jpg\",\"datePublished\":\"2021-04-05T15:56:35+00:00\",\"dateModified\":\"2021-05-08T21:40:16+00:00\",\"description\":\"Un coaching d\u00e9cisionnel vous permettra de choisir en toute conscience sur des sujets complexes de vie priv\u00e9e ou professionnelle\",\"breadcrumb\":{\"@id\":\"https:\/\/yana.coach\/index.php\/coaching-decisionnel\/#breadcrumb\"},\"inLanguage\":\"fr-FR\",\"potentialAction\":[{\"@type\":\"ReadAction\",\"target\":[\"https:\/\/yana.coach\/index.php\/coaching-decisionnel\/\"]}]},{\"@type\":\"ImageObject\",\"inLanguage\":\"fr-FR\",\"@id\":\"https:\/\/yana.coach\/index.php\/coaching-decisionnel\/#primaryimage\",\"url\":\"https:\/\/yana.coach\/wp-content\/uploads\/2021\/04\/coaching-decisionnel.jpg\",\"contentUrl\":\"https:\/\/yana.coach\/wp-content\/uploads\/2021\/04\/coaching-decisionnel.jpg\",\"width\":327,\"height\":218,\"caption\":\"coaching-decisionnel\"},{\"@type\":\"BreadcrumbList\",\"@id\":\"https:\/\/yana.coach\/index.php\/coaching-decisionnel\/#breadcrumb\",\"itemListElement\":[{\"@type\":\"ListItem\",\"position\":1,\"name\":\"Accueil\",\"item\":\"https:\/\/yana.coach\/\"},{\"@type\":\"ListItem\",\"position\":2,\"name\":\"Coaching d\u00e9cisionnel\"}]},{\"@type\":\"WebSite\",\"@id\":\"https:\/\/yana.coach\/#website\",\"url\":\"https:\/\/yana.coach\/\",\"name\":\"Yana\",\"description\":\"You Are Not Alone\",\"publisher\":{\"@id\":\"https:\/\/yana.coach\/#organization\"},\"potentialAction\":[{\"@type\":\"SearchAction\",\"target\":{\"@type\":\"EntryPoint\",\"urlTemplate\":\"https:\/\/yana.coach\/?s={search_term_string}\"},\"query-input\":\"required name=search_term_string\"}],\"inLanguage\":\"fr-FR\"},{\"@type\":\"Organization\",\"@id\":\"https:\/\/yana.coach\/#organization\",\"name\":\"YANA\",\"url\":\"https:\/\/yana.coach\/\",\"logo\":{\"@type\":\"ImageObject\",\"inLanguage\":\"fr-FR\",\"@id\":\"https:\/\/yana.coach\/#\/schema\/logo\/image\/\",\"url\":\"https:\/\/yana.coach\/wp-content\/uploads\/2021\/04\/logo-yana-coaching.jpg\",\"contentUrl\":\"https:\/\/yana.coach\/wp-content\/uploads\/2021\/04\/logo-yana-coaching.jpg\",\"width\":400,\"height\":210,\"caption\":\"YANA\"},\"image\":{\"@id\":\"https:\/\/yana.coach\/#\/schema\/logo\/image\/\"},\"sameAs\":[\"https:\/\/www.linkedin.com\/in\/phil-michel\/\"]}]}<\/script>\n<!-- \/ Yoast SEO plugin. -->","yoast_head_json":{"title":"Yana coaching d\u00e9cisionnel - accompagnement et aide \u00e0 la d\u00e9cision","description":"Un coaching d\u00e9cisionnel vous permettra de choisir en toute conscience sur des sujets complexes de vie priv\u00e9e ou professionnelle","robots":{"index":"index","follow":"follow","max-snippet":"max-snippet:-1","max-image-preview":"max-image-preview:large","max-video-preview":"max-video-preview:-1"},"canonical":"https:\/\/yana.coach\/index.php\/coaching-decisionnel\/","og_locale":"fr_FR","og_type":"article","og_title":"Yana coaching d\u00e9cisionnel - accompagnement et aide \u00e0 la d\u00e9cision","og_description":"Un coaching d\u00e9cisionnel vous permettra de choisir en toute conscience sur des sujets complexes de vie priv\u00e9e ou professionnelle","og_url":"https:\/\/yana.coach\/index.php\/coaching-decisionnel\/","og_site_name":"Yana","article_modified_time":"2021-05-08T21:40:16+00:00","og_image":[{"width":327,"height":218,"url":"https:\/\/yana.coach\/wp-content\/uploads\/2021\/04\/coaching-decisionnel.jpg","type":"image\/jpeg"}],"twitter_card":"summary_large_image","twitter_misc":{"Dur\u00e9e de lecture estim\u00e9e":"2 minutes"},"schema":{"@context":"https:\/\/schema.org","@graph":[{"@type":"WebPage","@id":"https:\/\/yana.coach\/index.php\/coaching-decisionnel\/","url":"https:\/\/yana.coach\/index.php\/coaching-decisionnel\/","name":"Yana coaching d\u00e9cisionnel - accompagnement et aide \u00e0 la d\u00e9cision","isPartOf":{"@id":"https:\/\/yana.coach\/#website"},"primaryImageOfPage":{"@id":"https:\/\/yana.coach\/index.php\/coaching-decisionnel\/#primaryimage"},"image":{"@id":"https:\/\/yana.coach\/index.php\/coaching-decisionnel\/#primaryimage"},"thumbnailUrl":"https:\/\/yana.coach\/wp-content\/uploads\/2021\/04\/coaching-decisionnel.jpg","datePublished":"2021-04-05T15:56:35+00:00","dateModified":"2021-05-08T21:40:16+00:00","description":"Un coaching d\u00e9cisionnel vous permettra de choisir en toute conscience sur des sujets complexes de vie priv\u00e9e ou professionnelle","breadcrumb":{"@id":"https:\/\/yana.coach\/index.php\/coaching-decisionnel\/#breadcrumb"},"inLanguage":"fr-FR","potentialAction":[{"@type":"ReadAction","target":["https:\/\/yana.coach\/index.php\/coaching-decisionnel\/"]}]},{"@type":"ImageObject","inLanguage":"fr-FR","@id":"https:\/\/yana.coach\/index.php\/coaching-decisionnel\/#primaryimage","url":"https:\/\/yana.coach\/wp-content\/uploads\/2021\/04\/coaching-decisionnel.jpg","contentUrl":"https:\/\/yana.coach\/wp-content\/uploads\/2021\/04\/coaching-decisionnel.jpg","width":327,"height":218,"caption":"coaching-decisionnel"},{"@type":"BreadcrumbList","@id":"https:\/\/yana.coach\/index.php\/coaching-decisionnel\/#breadcrumb","itemListElement":[{"@type":"ListItem","position":1,"name":"Accueil","item":"https:\/\/yana.coach\/"},{"@type":"ListItem","position":2,"name":"Coaching d\u00e9cisionnel"}]},{"@type":"WebSite","@id":"https:\/\/yana.coach\/#website","url":"https:\/\/yana.coach\/","name":"Yana","description":"You Are Not Alone","publisher":{"@id":"https:\/\/yana.coach\/#organization"},"potentialAction":[{"@type":"SearchAction","target":{"@type":"EntryPoint","urlTemplate":"https:\/\/yana.coach\/?s={search_term_string}"},"query-input":"required name=search_term_string"}],"inLanguage":"fr-FR"},{"@type":"Organization","@id":"https:\/\/yana.coach\/#organization","name":"YANA","url":"https:\/\/yana.coach\/","logo":{"@type":"ImageObject","inLanguage":"fr-FR","@id":"https:\/\/yana.coach\/#\/schema\/logo\/image\/","url":"https:\/\/yana.coach\/wp-content\/uploads\/2021\/04\/logo-yana-coaching.jpg","contentUrl":"https:\/\/yana.coach\/wp-content\/uploads\/2021\/04\/logo-yana-coaching.jpg","width":400,"height":210,"caption":"YANA"},"image":{"@id":"https:\/\/yana.coach\/#\/schema\/logo\/image\/"},"sameAs":["https:\/\/www.linkedin.com\/in\/phil-michel\/"]}]}},"_links":{"self":[{"href":"https:\/\/yana.coach\/index.php\/wp-json\/wp\/v2\/pages\/43"}],"collection":[{"href":"https:\/\/yana.coach\/index.php\/wp-json\/wp\/v2\/pages"}],"about":[{"href":"https:\/\/yana.coach\/index.php\/wp-json\/wp\/v2\/types\/page"}],"author":[{"embeddable":true,"href":"https:\/\/yana.coach\/index.php\/wp-json\/wp\/v2\/users\/1"}],"replies":[{"embeddable":true,"href":"https:\/\/yana.coach\/index.php\/wp-json\/wp\/v2\/comments?post=43"}],"version-history":[{"count":14,"href":"https:\/\/yana.coach\/index.php\/wp-json\/wp\/v2\/pages\/43\/revisions"}],"predecessor-version":[{"id":442,"href":"https:\/\/yana.coach\/index.php\/wp-json\/wp\/v2\/pages\/43\/revisions\/442"}],"wp:featuredmedia":[{"embeddable":true,"href":"https:\/\/yana.coach\/index.php\/wp-json\/wp\/v2\/media\/119"}],"wp:attachment":[{"href":"https:\/\/yana.coach\/index.php\/wp-json\/wp\/v2\/media?parent=43"}],"curies":[{"name":"wp","href":"https:\/\/api.w.org\/{rel}","templated":true}]}}