{"id":44,"date":"2021-04-05T17:56:35","date_gmt":"2021-04-05T15:56:35","guid":{"rendered":"http:\/\/yana.coach\/?page_id=44"},"modified":"2021-05-22T16:46:25","modified_gmt":"2021-05-22T14:46:25","slug":"coaching-creatif","status":"publish","type":"page","link":"https:\/\/yana.coach\/index.php\/coaching-creatif\/","title":{"rendered":"Coaching cr\u00e9atif"},"content":{"rendered":"\n<div class=\"wp-block-media-text alignwide is-stacked-on-mobile\" style=\"grid-template-columns:28% auto\"><figure class=\"wp-block-media-text__media\"><a href=\"https:\/\/yana.coach\/index.php\/coaching-creatif\/\"><img loading=\"lazy\" decoding=\"async\" width=\"327\" height=\"218\" src=\"https:\/\/yana.coach\/wp-content\/uploads\/2021\/04\/coaching-creatif.jpg\" alt=\"\" class=\"wp-image-121 size-full\" srcset=\"https:\/\/yana.coach\/wp-content\/uploads\/2021\/04\/coaching-creatif.jpg 327w, https:\/\/yana.coach\/wp-content\/uploads\/2021\/04\/coaching-creatif-300x200.jpg 300w\" sizes=\"(max-width: 327px) 100vw, 327px\" \/><\/a><\/figure><div class=\"wp-block-media-text__content\">\n<p class=\"has-medium-font-size\">Il vous manque peu de choses, vous avez l&rsquo;id\u00e9e au bout des doigts, mais elle vous \u00e9chappe&#8230;<br>Un coaching cr\u00e9atif peut vous aider ponctuellement ou vous entrainer \u00e0 la d\u00e9marche de cr\u00e9ativit\u00e9.<\/p>\n<\/div><\/div>\n\n\n\n<blockquote class=\"wp-block-quote is-style-default is-layout-flow wp-block-quote-is-layout-flow\"><p>\u00ab <em>Le hasard ne favorise que les esprits pr\u00e9par\u00e9s \u00bb<\/em><\/p><p><em>Louis PASTEUR<\/em><\/p><\/blockquote>\n\n\n\n<p>La cr\u00e9ation est un processus complexe, dont le myst\u00e8re conf\u00e8re pour certains de la magie ou du divin. Notre objectif n\u2019est pas de pr\u00e9tendre percer le secret de la cr\u00e9ation, mais de produire les meilleures conditions \u00e0 son \u00e9mergence.<br>Un coaching cr\u00e9atif peut vous permettre de trouver une solution ponctuelle \u00e0 un besoin pr\u00e9cis, ou d&rsquo;entrainer votre muscle cr\u00e9atif.<\/p>\n\n\n\n<p>La m\u00e9thode\u00a0<strong><a href=\"https:\/\/convergence-numerique.com\/creativite\/\" target=\"_blank\" rel=\"noreferrer noopener\">DYNIDEA\u00ae<\/a><\/strong>\u00a0\u00a0propose de dynamiser le potentiel cr\u00e9atif du participant. Cette m\u00e9thode in\u00e9dite permet \u00e0 un groupe ou un individu de mettre en valeur ses capacit\u00e9s cr\u00e9atives. Elle repose sur une d\u00e9marche progressive de\u00a0prises de conscience, d\u2019acquisitions de techniques de sensibilisation, et d&rsquo;\u00e9veil :<\/p>\n\n\n\n<ul><li>Stimulation<\/li><li>Echange <\/li><li>Transcendance<\/li><li>Orientation<\/li><li>Cr\u00e9ation<\/li><\/ul>\n\n\n\n<p id=\"block-ed7d6ade-3afb-48a5-b271-912c0dd61370\">L&rsquo;accompagnement est pr\u00e9vu sur 5 s\u00e9ances d&rsquo;une heure, par visioconf\u00e9rence.<br>Comme pour tous nos coaching, l&rsquo;\u00e9thique et la confidentialit\u00e9 sont nos premiers engagements.<br><\/p>\n\n\n<script type='text\/javascript'>\r\nvar wbk_get_converted = {\r\n\"blank\":\"blank\"}\r\n<\/script>\r\n<div class=\"wbk-outer-container wbk_booking_form_container\">\r\n\t<div class=\"wbk-inner-container\">\r\n     \t<img src=https:\/\/yana.coach\/wp-content\/plugins\/webba-booking\/public\/images\/loading.svg style=\"display:block;width:0px;height:0px;\">\r\n        <img src=https:\/\/yana.coach\/wp-content\/plugins\/webba-booking\/public\/images\/loading_small.svg style=\"display:block;width:0px;height:0px;\">\r\n\t\t<div class=\"wbk-frontend-row\" id=\"wbk-service-container\" >\r\n\t\t\t<div class=\"wbk-col-12-12\" >\r\n    <label class=\"wbk-input-label\">Choisissez votre prestation<\/label>\r\n    <select class=\"wbk-select wbk-input wbk_services\" id=\"wbk-service-id\">\r\n    <option value=\"0\" selected=\"selected\">choisir...<\/option>\r\n        <option data-desc=\"&lt;h5&gt;Tarif pour une s\u00e9ance de 90 minutes : 190 \u20ac&lt;\/h5&gt;\" value=\"2\"  data-multi-low-limit=\"\"  data-multi-limit=\"\" >Coaching Cr\u00e9atif avec Philippe<\/option>\r\n<\/select>\r\n<div class=\"wbk_description_holder\" id=\"wbk_description_holder\">\r\n    <label class=\"wbk-input-label\">\r\n\r\n    <\/label>\r\n<\/div>\r\n\t\t\t<\/div>\r\n\t\t<\/div>\r\n\t\t<div class=\"wbk-frontend-row wbk_date_container\" id=\"wbk-date-container\">\r\n\t\t<\/div>\r\n\t        <div class=\"wbk-frontend-row wbk_time_container\" id=\"wbk-time-container\">\r\n\t        <\/div>\r\n\t\t<div class=\"wbk-frontend-row wbk_slots_container\" id=\"wbk-slots-container\">\r\n\t\t<\/div>\r\n\t\t<div class=\"wbk-frontend-row wbk_booking_form_container\" id=\"wbk-booking-form-container\">\r\n\t\t<\/div>\r\n\t\t<div class=\"wbk-frontend-row wbk_booking_done\" id=\"wbk-booking-done\">\r\n\t\t<\/div>\r\n\t\t<div class=\"wbk-frontend-row wbk_payment\" id=\"wbk-payment\">\r\n\t\t<\/div>\r\n    <\/div>\r\n<\/div>\r\n\n\n\n\n<p><\/p>\n\n\n\n<p>ARISTOTE \u00e9crivait \u00a0\u00bb Rien dans notre intelligence qui ne soit pass\u00e9 par nos sens.\u00a0\u00bb<br>La m\u00e9thode\u00a0<strong><a href=\"https:\/\/convergence-numerique.com\/creativite\/\" target=\"_blank\" rel=\"noreferrer noopener\">DYNIDEA\u00ae<\/a><\/strong>\u00a0\u00a0repose sur une prise de conscience et d&rsquo;attention de tous les stimuli.<br>Plus vos sens seront en \u00e9veil, plus votre esprit sera en mesure de cr\u00e9er. C&rsquo;est aussi le principe de la <a href=\"https:\/\/fr.wikipedia.org\/wiki\/S%C3%A9rendipit%C3%A9\" target=\"_blank\" rel=\"noreferrer noopener\"><strong>SERENDIPITE<\/strong><\/a> :<\/p>\n\n\n\n<blockquote class=\"wp-block-quote is-layout-flow wp-block-quote-is-layout-flow\"><p>La<strong> s\u00e9rendipit\u00e9<\/strong> d\u00e9signe, dans son sens le plus large, le don de faire, par hasard et sagacit\u00e9, une d\u00e9couverte inattendue et fructueuse, notamment dans le domaine des sciences. <br>(&#8230;)<br>Au milieu du XXe si\u00e8cle, la s\u00e9rendipit\u00e9 trouve une traduction dans le domaine de la recherche scientifique o\u00f9 elle fait l&rsquo;objet d&rsquo;une discussion sur la d\u00e9marche du chercheur. Elle permet au chercheur de faire une d\u00e9couverte inattendue, d&rsquo;importance ou d&rsquo;int\u00e9r\u00eat sup\u00e9rieur \u00e0 l&rsquo;objet de sa recherche initiale, et d\u00e9signe l&rsquo;aptitude de ce m\u00eame chercheur \u00e0 saisir et exploiter cette \u00ab chance \u00bb. Mais elle trouve aussi son application dans des champs tr\u00e8s divers, allant de la <strong>cr\u00e9ation artistique<\/strong> aux <strong>entreprises actives dans l&rsquo;innovation,<\/strong> o\u00f9 les <strong>technologies num\u00e9riques<\/strong> et Internet semblent jouer un r\u00f4le favorisant le ph\u00e9nom\u00e8ne de s\u00e9rendipit\u00e9.<\/p><cite>Wikipedia<\/cite><\/blockquote>\n\n\n\n<p><br><\/p>\n","protected":false},"excerpt":{"rendered":"<p>Il vous manque peu de choses, vous avez l&rsquo;id\u00e9e au bout des doigts, mais elle vous \u00e9chappe&#8230;<\/p>\n","protected":false},"author":1,"featured_media":121,"parent":0,"menu_order":0,"comment_status":"closed","ping_status":"closed","template":"","meta":{"footnotes":""},"yoast_head":"<!-- This site is optimized with the Yoast SEO plugin v22.8 - https:\/\/yoast.com\/wordpress\/plugins\/seo\/ -->\n<title>Coaching cr\u00e9atif - Yana - entrainement \u00e0 la cr\u00e9ation<\/title>\n<meta name=\"description\" content=\"Les coachings cr\u00e9atifs de Yana vous permettent de trouver des solutions op\u00e9rationnelles hors du cadre, et de d\u00e9velopper votre cr\u00e9ativit\u00e9 au quotidien.\" \/>\n<meta name=\"robots\" content=\"index, follow, max-snippet:-1, max-image-preview:large, max-video-preview:-1\" \/>\n<link rel=\"canonical\" href=\"https:\/\/yana.coach\/index.php\/coaching-creatif\/\" \/>\n<meta property=\"og:locale\" content=\"fr_FR\" \/>\n<meta property=\"og:type\" content=\"article\" \/>\n<meta property=\"og:title\" content=\"Coaching cr\u00e9atif - Yana - entrainement \u00e0 la cr\u00e9ation\" \/>\n<meta property=\"og:description\" content=\"Les coachings cr\u00e9atifs de Yana vous permettent de trouver des solutions op\u00e9rationnelles hors du cadre, et de d\u00e9velopper votre cr\u00e9ativit\u00e9 au quotidien.\" \/>\n<meta property=\"og:url\" content=\"https:\/\/yana.coach\/index.php\/coaching-creatif\/\" \/>\n<meta property=\"og:site_name\" content=\"Yana\" \/>\n<meta property=\"article:modified_time\" content=\"2021-05-22T14:46:25+00:00\" \/>\n<meta property=\"og:image\" content=\"https:\/\/yana.coach\/wp-content\/uploads\/2021\/04\/coaching-creatif.jpg\" \/>\n\t<meta property=\"og:image:width\" content=\"327\" \/>\n\t<meta property=\"og:image:height\" content=\"218\" \/>\n\t<meta property=\"og:image:type\" content=\"image\/jpeg\" \/>\n<meta name=\"twitter:card\" content=\"summary_large_image\" \/>\n<meta name=\"twitter:label1\" content=\"Dur\u00e9e de lecture estim\u00e9e\" \/>\n\t<meta name=\"twitter:data1\" content=\"2 minutes\" \/>\n<script type=\"application\/ld+json\" class=\"yoast-schema-graph\">{\"@context\":\"https:\/\/schema.org\",\"@graph\":[{\"@type\":\"WebPage\",\"@id\":\"https:\/\/yana.coach\/index.php\/coaching-creatif\/\",\"url\":\"https:\/\/yana.coach\/index.php\/coaching-creatif\/\",\"name\":\"Coaching cr\u00e9atif - Yana - entrainement \u00e0 la cr\u00e9ation\",\"isPartOf\":{\"@id\":\"https:\/\/yana.coach\/#website\"},\"primaryImageOfPage\":{\"@id\":\"https:\/\/yana.coach\/index.php\/coaching-creatif\/#primaryimage\"},\"image\":{\"@id\":\"https:\/\/yana.coach\/index.php\/coaching-creatif\/#primaryimage\"},\"thumbnailUrl\":\"https:\/\/yana.coach\/wp-content\/uploads\/2021\/04\/coaching-creatif.jpg\",\"datePublished\":\"2021-04-05T15:56:35+00:00\",\"dateModified\":\"2021-05-22T14:46:25+00:00\",\"description\":\"Les coachings cr\u00e9atifs de Yana vous permettent de trouver des solutions op\u00e9rationnelles hors du cadre, et de d\u00e9velopper votre cr\u00e9ativit\u00e9 au quotidien.\",\"breadcrumb\":{\"@id\":\"https:\/\/yana.coach\/index.php\/coaching-creatif\/#breadcrumb\"},\"inLanguage\":\"fr-FR\",\"potentialAction\":[{\"@type\":\"ReadAction\",\"target\":[\"https:\/\/yana.coach\/index.php\/coaching-creatif\/\"]}]},{\"@type\":\"ImageObject\",\"inLanguage\":\"fr-FR\",\"@id\":\"https:\/\/yana.coach\/index.php\/coaching-creatif\/#primaryimage\",\"url\":\"https:\/\/yana.coach\/wp-content\/uploads\/2021\/04\/coaching-creatif.jpg\",\"contentUrl\":\"https:\/\/yana.coach\/wp-content\/uploads\/2021\/04\/coaching-creatif.jpg\",\"width\":327,\"height\":218,\"caption\":\"coaching-creatif\"},{\"@type\":\"BreadcrumbList\",\"@id\":\"https:\/\/yana.coach\/index.php\/coaching-creatif\/#breadcrumb\",\"itemListElement\":[{\"@type\":\"ListItem\",\"position\":1,\"name\":\"Accueil\",\"item\":\"https:\/\/yana.coach\/\"},{\"@type\":\"ListItem\",\"position\":2,\"name\":\"Coaching cr\u00e9atif\"}]},{\"@type\":\"WebSite\",\"@id\":\"https:\/\/yana.coach\/#website\",\"url\":\"https:\/\/yana.coach\/\",\"name\":\"Yana\",\"description\":\"You Are Not Alone\",\"publisher\":{\"@id\":\"https:\/\/yana.coach\/#organization\"},\"potentialAction\":[{\"@type\":\"SearchAction\",\"target\":{\"@type\":\"EntryPoint\",\"urlTemplate\":\"https:\/\/yana.coach\/?s={search_term_string}\"},\"query-input\":\"required name=search_term_string\"}],\"inLanguage\":\"fr-FR\"},{\"@type\":\"Organization\",\"@id\":\"https:\/\/yana.coach\/#organization\",\"name\":\"YANA\",\"url\":\"https:\/\/yana.coach\/\",\"logo\":{\"@type\":\"ImageObject\",\"inLanguage\":\"fr-FR\",\"@id\":\"https:\/\/yana.coach\/#\/schema\/logo\/image\/\",\"url\":\"https:\/\/yana.coach\/wp-content\/uploads\/2021\/04\/logo-yana-coaching.jpg\",\"contentUrl\":\"https:\/\/yana.coach\/wp-content\/uploads\/2021\/04\/logo-yana-coaching.jpg\",\"width\":400,\"height\":210,\"caption\":\"YANA\"},\"image\":{\"@id\":\"https:\/\/yana.coach\/#\/schema\/logo\/image\/\"},\"sameAs\":[\"https:\/\/www.linkedin.com\/in\/phil-michel\/\"]}]}<\/script>\n<!-- \/ Yoast SEO plugin. -->","yoast_head_json":{"title":"Coaching cr\u00e9atif - Yana - entrainement \u00e0 la cr\u00e9ation","description":"Les coachings cr\u00e9atifs de Yana vous permettent de trouver des solutions op\u00e9rationnelles hors du cadre, et de d\u00e9velopper votre cr\u00e9ativit\u00e9 au quotidien.","robots":{"index":"index","follow":"follow","max-snippet":"max-snippet:-1","max-image-preview":"max-image-preview:large","max-video-preview":"max-video-preview:-1"},"canonical":"https:\/\/yana.coach\/index.php\/coaching-creatif\/","og_locale":"fr_FR","og_type":"article","og_title":"Coaching cr\u00e9atif - Yana - entrainement \u00e0 la cr\u00e9ation","og_description":"Les coachings cr\u00e9atifs de Yana vous permettent de trouver des solutions op\u00e9rationnelles hors du cadre, et de d\u00e9velopper votre cr\u00e9ativit\u00e9 au quotidien.","og_url":"https:\/\/yana.coach\/index.php\/coaching-creatif\/","og_site_name":"Yana","article_modified_time":"2021-05-22T14:46:25+00:00","og_image":[{"width":327,"height":218,"url":"https:\/\/yana.coach\/wp-content\/uploads\/2021\/04\/coaching-creatif.jpg","type":"image\/jpeg"}],"twitter_card":"summary_large_image","twitter_misc":{"Dur\u00e9e de lecture estim\u00e9e":"2 minutes"},"schema":{"@context":"https:\/\/schema.org","@graph":[{"@type":"WebPage","@id":"https:\/\/yana.coach\/index.php\/coaching-creatif\/","url":"https:\/\/yana.coach\/index.php\/coaching-creatif\/","name":"Coaching cr\u00e9atif - Yana - entrainement \u00e0 la cr\u00e9ation","isPartOf":{"@id":"https:\/\/yana.coach\/#website"},"primaryImageOfPage":{"@id":"https:\/\/yana.coach\/index.php\/coaching-creatif\/#primaryimage"},"image":{"@id":"https:\/\/yana.coach\/index.php\/coaching-creatif\/#primaryimage"},"thumbnailUrl":"https:\/\/yana.coach\/wp-content\/uploads\/2021\/04\/coaching-creatif.jpg","datePublished":"2021-04-05T15:56:35+00:00","dateModified":"2021-05-22T14:46:25+00:00","description":"Les coachings cr\u00e9atifs de Yana vous permettent de trouver des solutions op\u00e9rationnelles hors du cadre, et de d\u00e9velopper votre cr\u00e9ativit\u00e9 au quotidien.","breadcrumb":{"@id":"https:\/\/yana.coach\/index.php\/coaching-creatif\/#breadcrumb"},"inLanguage":"fr-FR","potentialAction":[{"@type":"ReadAction","target":["https:\/\/yana.coach\/index.php\/coaching-creatif\/"]}]},{"@type":"ImageObject","inLanguage":"fr-FR","@id":"https:\/\/yana.coach\/index.php\/coaching-creatif\/#primaryimage","url":"https:\/\/yana.coach\/wp-content\/uploads\/2021\/04\/coaching-creatif.jpg","contentUrl":"https:\/\/yana.coach\/wp-content\/uploads\/2021\/04\/coaching-creatif.jpg","width":327,"height":218,"caption":"coaching-creatif"},{"@type":"BreadcrumbList","@id":"https:\/\/yana.coach\/index.php\/coaching-creatif\/#breadcrumb","itemListElement":[{"@type":"ListItem","position":1,"name":"Accueil","item":"https:\/\/yana.coach\/"},{"@type":"ListItem","position":2,"name":"Coaching cr\u00e9atif"}]},{"@type":"WebSite","@id":"https:\/\/yana.coach\/#website","url":"https:\/\/yana.coach\/","name":"Yana","description":"You Are Not Alone","publisher":{"@id":"https:\/\/yana.coach\/#organization"},"potentialAction":[{"@type":"SearchAction","target":{"@type":"EntryPoint","urlTemplate":"https:\/\/yana.coach\/?s={search_term_string}"},"query-input":"required name=search_term_string"}],"inLanguage":"fr-FR"},{"@type":"Organization","@id":"https:\/\/yana.coach\/#organization","name":"YANA","url":"https:\/\/yana.coach\/","logo":{"@type":"ImageObject","inLanguage":"fr-FR","@id":"https:\/\/yana.coach\/#\/schema\/logo\/image\/","url":"https:\/\/yana.coach\/wp-content\/uploads\/2021\/04\/logo-yana-coaching.jpg","contentUrl":"https:\/\/yana.coach\/wp-content\/uploads\/2021\/04\/logo-yana-coaching.jpg","width":400,"height":210,"caption":"YANA"},"image":{"@id":"https:\/\/yana.coach\/#\/schema\/logo\/image\/"},"sameAs":["https:\/\/www.linkedin.com\/in\/phil-michel\/"]}]}},"_links":{"self":[{"href":"https:\/\/yana.coach\/index.php\/wp-json\/wp\/v2\/pages\/44"}],"collection":[{"href":"https:\/\/yana.coach\/index.php\/wp-json\/wp\/v2\/pages"}],"about":[{"href":"https:\/\/yana.coach\/index.php\/wp-json\/wp\/v2\/types\/page"}],"author":[{"embeddable":true,"href":"https:\/\/yana.coach\/index.php\/wp-json\/wp\/v2\/users\/1"}],"replies":[{"embeddable":true,"href":"https:\/\/yana.coach\/index.php\/wp-json\/wp\/v2\/comments?post=44"}],"version-history":[{"count":19,"href":"https:\/\/yana.coach\/index.php\/wp-json\/wp\/v2\/pages\/44\/revisions"}],"predecessor-version":[{"id":400,"href":"https:\/\/yana.coach\/index.php\/wp-json\/wp\/v2\/pages\/44\/revisions\/400"}],"wp:featuredmedia":[{"embeddable":true,"href":"https:\/\/yana.coach\/index.php\/wp-json\/wp\/v2\/media\/121"}],"wp:attachment":[{"href":"https:\/\/yana.coach\/index.php\/wp-json\/wp\/v2\/media?parent=44"}],"curies":[{"name":"wp","href":"https:\/\/api.w.org\/{rel}","templated":true}]}}