{"id":62,"date":"2021-04-05T18:08:28","date_gmt":"2021-04-05T16:08:28","guid":{"rendered":"http:\/\/yana.coach\/?page_id=62"},"modified":"2021-05-22T18:09:01","modified_gmt":"2021-05-22T16:09:01","slug":"coaching-post-covid","status":"publish","type":"page","link":"https:\/\/yana.coach\/index.php\/coaching-post-covid\/","title":{"rendered":"Coaching post COVID"},"content":{"rendered":"\n<div class=\"wp-block-media-text alignwide has-media-on-the-right is-stacked-on-mobile\" style=\"grid-template-columns:auto 28%\"><figure class=\"wp-block-media-text__media\"><a href=\"https:\/\/yana.coach\/index.php\/coaching-post-covid\/\"><img loading=\"lazy\" decoding=\"async\" width=\"327\" height=\"218\" src=\"https:\/\/yana.coach\/wp-content\/uploads\/2021\/04\/coaching-post-covid.jpg\" alt=\"Coaching post COVID pour \u00e9liminer stress et angoisse \u00e9viter burn out, et redonner du sens \u00e0 la vie\" class=\"wp-image-129 size-full\" srcset=\"https:\/\/yana.coach\/wp-content\/uploads\/2021\/04\/coaching-post-covid.jpg 327w, https:\/\/yana.coach\/wp-content\/uploads\/2021\/04\/coaching-post-covid-300x200.jpg 300w\" sizes=\"(max-width: 327px) 100vw, 327px\" \/><\/a><\/figure><div class=\"wp-block-media-text__content\">\n<p class=\"has-medium-font-size\">Le t\u00e9l\u00e9travail et le manque de relation humaine vous semblent impossible \u00e0 endurer, le futur vous parait sombre, la perte de sens vous angoisse&#8230;<br>Un coaching peut vous permettre de retrouver votre place, votre \u00e9nergie, vous r\u00e9aligner avec vos ressources, att\u00e9nuer stress et angoisse.<\/p>\n<\/div><\/div>\n\n\n\n<blockquote class=\"wp-block-quote is-layout-flow wp-block-quote-is-layout-flow\"><p>\u00abLe sens de la vie supprim\u00e9, il reste encore la vie.<em>\u00bb<\/em><br>Albert Camus \/ L&rsquo;Homme r\u00e9volt\u00e9<\/p><\/blockquote>\n\n\n\n<p>La pand\u00e9mie mondiale a consid\u00e9rablement bouscul\u00e9 les organisations et les esprits. Les multiples confinements et le t\u00e9l\u00e9travail ont distendu les liens. La promiscuit\u00e9 forc\u00e9e ou \u00e0 l&rsquo;oppos\u00e9 la solitude absolue ont exacerb\u00e9 les ressentis. <br>Quel nouveau sens donner \u00e0 sa vie dans un univers incertain quand le pass\u00e9 a \u00e9t\u00e9 bas\u00e9 sur une vision de progr\u00e8s ? <br><\/p>\n\n\n\n<p>Un coaching permet de surmonter l&rsquo;angoisse et le stress.<br>Notre accompagnement s&rsquo;inscrit dans une <a href=\"https:\/\/en.wikipedia.org\/wiki\/GROW_model\" target=\"_blank\" rel=\"noreferrer noopener\">d\u00e9marche<\/a> vous permettant de retrouver la confiance, le recul n\u00e9cessaire, permettant de retrouver s\u00e9r\u00e9nit\u00e9 et paix:<\/p>\n\n\n\n<ul><li>Mise en condition de s\u00e9curit\u00e9 et de confiance,<\/li><li>Vous accompagner vers vos valeurs,<\/li><li>Vous aider \u00e0 retrouver votre voie,<\/li><li>Vous permettre de vous mettre en route<\/li><\/ul>\n\n\n\n<p>L\u2019accompagnement est pr\u00e9vu sur 3 \u00e0 5 s\u00e9ances d\u2019une heure, par visioconf\u00e9rence.<br>Comme pour tous nos coaching, l&rsquo;\u00e9thique et la confidentialit\u00e9 sont nos premiers engagements.<br><\/p>\n\n\n<script type='text\/javascript'>\r\nvar wbk_get_converted = {\r\n\"blank\":\"blank\"}\r\n<\/script>\r\n<div class=\"wbk-outer-container wbk_booking_form_container\">\r\n\t<div class=\"wbk-inner-container\">\r\n     \t<img src=https:\/\/yana.coach\/wp-content\/plugins\/webba-booking\/public\/images\/loading.svg style=\"display:block;width:0px;height:0px;\">\r\n        <img src=https:\/\/yana.coach\/wp-content\/plugins\/webba-booking\/public\/images\/loading_small.svg style=\"display:block;width:0px;height:0px;\">\r\n\t\t<div class=\"wbk-frontend-row\" id=\"wbk-service-container\" >\r\n\t\t\t<div class=\"wbk-col-12-12\" >\r\n    <label class=\"wbk-input-label\">Choisissez votre prestation<\/label>\r\n    <select class=\"wbk-select wbk-input wbk_services\" id=\"wbk-service-id\">\r\n    <option value=\"0\" selected=\"selected\">choisir...<\/option>\r\n        <option data-desc=\"&lt;h5&gt;Tarif pour une s\u00e9ance de 60 minutes : 95 \u20ac&lt;\/h5&gt;\" value=\"3\"  data-multi-low-limit=\"\"  data-multi-limit=\"\" >Coaching Post-Covid avec Philippe<\/option>\r\n<\/select>\r\n<div class=\"wbk_description_holder\" id=\"wbk_description_holder\">\r\n    <label class=\"wbk-input-label\">\r\n\r\n    <\/label>\r\n<\/div>\r\n\t\t\t<\/div>\r\n\t\t<\/div>\r\n\t\t<div class=\"wbk-frontend-row wbk_date_container\" id=\"wbk-date-container\">\r\n\t\t<\/div>\r\n\t        <div class=\"wbk-frontend-row wbk_time_container\" id=\"wbk-time-container\">\r\n\t        <\/div>\r\n\t\t<div class=\"wbk-frontend-row wbk_slots_container\" id=\"wbk-slots-container\">\r\n\t\t<\/div>\r\n\t\t<div class=\"wbk-frontend-row wbk_booking_form_container\" id=\"wbk-booking-form-container\">\r\n\t\t<\/div>\r\n\t\t<div class=\"wbk-frontend-row wbk_booking_done\" id=\"wbk-booking-done\">\r\n\t\t<\/div>\r\n\t\t<div class=\"wbk-frontend-row wbk_payment\" id=\"wbk-payment\">\r\n\t\t<\/div>\r\n    <\/div>\r\n<\/div>\r\n\n\n\n\n<p>Un coaching de vie n\u2019est ni une th\u00e9rapie, ni une prestation de conseil. C\u2019est l\u2019accompagnement par un professionnel form\u00e9 et exp\u00e9riment\u00e9, en co-responsabilit\u00e9 avec son client coach\u00e9, pour trouver des actions pr\u00e9cises et concr\u00e8tes \u00e0 mettre en \u0153uvre dans le but solutionner sa probl\u00e9matique.<\/p>\n\n\n\n<p>Par le questionnement de vos \u00e9motions et de vos croyances, votre coach Yana vous emm\u00e8ne \u00e0 la d\u00e9couverte de vos propres ressources. Les prises de conscience que vous ferez gr\u00e2ce \u00e0 lui vous inscrivent dans une d\u00e9marche constructive et apais\u00e9e. Elles vous permettent de grandir et d\u2019accueillir la vie avec des outils et une force qui sont d\u00e9j\u00e0 en vous.<\/p>\n\n\n\n<p>Le coach est parfois d\u00e9crit comme un accoucheur, ou un \u00e9veilleur, celui qui vous permet de prendre conscience de votre richesse.<br>Il est aussi comme votre meilleur supporter\u2026<\/p>\n\n\n\n<p><\/p>\n","protected":false},"excerpt":{"rendered":"<p>Le t\u00e9l\u00e9travail et le manque de relation humaine vous semblent impossible \u00e0 endurer, le futur vous parait sombre, la perte de sens vous angoisse&#8230;<\/p>\n","protected":false},"author":1,"featured_media":129,"parent":0,"menu_order":0,"comment_status":"closed","ping_status":"closed","template":"","meta":{"footnotes":""},"yoast_head":"<!-- This site is optimized with the Yoast SEO plugin v22.8 - https:\/\/yoast.com\/wordpress\/plugins\/seo\/ -->\n<title>Stress angoisse du retour au bureau - Yana - coaching pour redonner du sens \u00e0 sa vie<\/title>\n<meta name=\"description\" content=\"Votre vie ne semble plus avoir de sens, l&#039;angoisse et le stress vous tiraillent, le t\u00e9l\u00e9travail a \u00e9t\u00e9 compliqu\u00e9, vous craignez un burn out... Le coaching peut vous aider\" \/>\n<meta name=\"robots\" content=\"index, follow, max-snippet:-1, max-image-preview:large, max-video-preview:-1\" \/>\n<link rel=\"canonical\" href=\"https:\/\/yana.coach\/index.php\/coaching-post-covid\/\" \/>\n<meta property=\"og:locale\" content=\"fr_FR\" \/>\n<meta property=\"og:type\" content=\"article\" \/>\n<meta property=\"og:title\" content=\"Stress angoisse du retour au bureau - Yana - coaching pour redonner du sens \u00e0 sa vie\" \/>\n<meta property=\"og:description\" content=\"Votre vie ne semble plus avoir de sens, l&#039;angoisse et le stress vous tiraillent, le t\u00e9l\u00e9travail a \u00e9t\u00e9 compliqu\u00e9, vous craignez un burn out... Le coaching peut vous aider\" \/>\n<meta property=\"og:url\" content=\"https:\/\/yana.coach\/index.php\/coaching-post-covid\/\" \/>\n<meta property=\"og:site_name\" content=\"Yana\" \/>\n<meta property=\"article:modified_time\" content=\"2021-05-22T16:09:01+00:00\" \/>\n<meta property=\"og:image\" content=\"https:\/\/yana.coach\/wp-content\/uploads\/2021\/04\/coaching-post-covid.jpg\" \/>\n\t<meta property=\"og:image:width\" content=\"327\" \/>\n\t<meta property=\"og:image:height\" content=\"218\" \/>\n\t<meta property=\"og:image:type\" content=\"image\/jpeg\" \/>\n<meta name=\"twitter:card\" content=\"summary_large_image\" \/>\n<meta name=\"twitter:label1\" content=\"Dur\u00e9e de lecture estim\u00e9e\" \/>\n\t<meta name=\"twitter:data1\" content=\"2 minutes\" \/>\n<script type=\"application\/ld+json\" class=\"yoast-schema-graph\">{\"@context\":\"https:\/\/schema.org\",\"@graph\":[{\"@type\":\"WebPage\",\"@id\":\"https:\/\/yana.coach\/index.php\/coaching-post-covid\/\",\"url\":\"https:\/\/yana.coach\/index.php\/coaching-post-covid\/\",\"name\":\"Stress angoisse du retour au bureau - Yana - coaching pour redonner du sens \u00e0 sa vie\",\"isPartOf\":{\"@id\":\"https:\/\/yana.coach\/#website\"},\"primaryImageOfPage\":{\"@id\":\"https:\/\/yana.coach\/index.php\/coaching-post-covid\/#primaryimage\"},\"image\":{\"@id\":\"https:\/\/yana.coach\/index.php\/coaching-post-covid\/#primaryimage\"},\"thumbnailUrl\":\"https:\/\/yana.coach\/wp-content\/uploads\/2021\/04\/coaching-post-covid.jpg\",\"datePublished\":\"2021-04-05T16:08:28+00:00\",\"dateModified\":\"2021-05-22T16:09:01+00:00\",\"description\":\"Votre vie ne semble plus avoir de sens, l'angoisse et le stress vous tiraillent, le t\u00e9l\u00e9travail a \u00e9t\u00e9 compliqu\u00e9, vous craignez un burn out... Le coaching peut vous aider\",\"breadcrumb\":{\"@id\":\"https:\/\/yana.coach\/index.php\/coaching-post-covid\/#breadcrumb\"},\"inLanguage\":\"fr-FR\",\"potentialAction\":[{\"@type\":\"ReadAction\",\"target\":[\"https:\/\/yana.coach\/index.php\/coaching-post-covid\/\"]}]},{\"@type\":\"ImageObject\",\"inLanguage\":\"fr-FR\",\"@id\":\"https:\/\/yana.coach\/index.php\/coaching-post-covid\/#primaryimage\",\"url\":\"https:\/\/yana.coach\/wp-content\/uploads\/2021\/04\/coaching-post-covid.jpg\",\"contentUrl\":\"https:\/\/yana.coach\/wp-content\/uploads\/2021\/04\/coaching-post-covid.jpg\",\"width\":327,\"height\":218,\"caption\":\"coaching-post-covid\"},{\"@type\":\"BreadcrumbList\",\"@id\":\"https:\/\/yana.coach\/index.php\/coaching-post-covid\/#breadcrumb\",\"itemListElement\":[{\"@type\":\"ListItem\",\"position\":1,\"name\":\"Accueil\",\"item\":\"https:\/\/yana.coach\/\"},{\"@type\":\"ListItem\",\"position\":2,\"name\":\"Coaching post COVID\"}]},{\"@type\":\"WebSite\",\"@id\":\"https:\/\/yana.coach\/#website\",\"url\":\"https:\/\/yana.coach\/\",\"name\":\"Yana\",\"description\":\"You Are Not Alone\",\"publisher\":{\"@id\":\"https:\/\/yana.coach\/#organization\"},\"potentialAction\":[{\"@type\":\"SearchAction\",\"target\":{\"@type\":\"EntryPoint\",\"urlTemplate\":\"https:\/\/yana.coach\/?s={search_term_string}\"},\"query-input\":\"required name=search_term_string\"}],\"inLanguage\":\"fr-FR\"},{\"@type\":\"Organization\",\"@id\":\"https:\/\/yana.coach\/#organization\",\"name\":\"YANA\",\"url\":\"https:\/\/yana.coach\/\",\"logo\":{\"@type\":\"ImageObject\",\"inLanguage\":\"fr-FR\",\"@id\":\"https:\/\/yana.coach\/#\/schema\/logo\/image\/\",\"url\":\"https:\/\/yana.coach\/wp-content\/uploads\/2021\/04\/logo-yana-coaching.jpg\",\"contentUrl\":\"https:\/\/yana.coach\/wp-content\/uploads\/2021\/04\/logo-yana-coaching.jpg\",\"width\":400,\"height\":210,\"caption\":\"YANA\"},\"image\":{\"@id\":\"https:\/\/yana.coach\/#\/schema\/logo\/image\/\"},\"sameAs\":[\"https:\/\/www.linkedin.com\/in\/phil-michel\/\"]}]}<\/script>\n<!-- \/ Yoast SEO plugin. -->","yoast_head_json":{"title":"Stress angoisse du retour au bureau - Yana - coaching pour redonner du sens \u00e0 sa vie","description":"Votre vie ne semble plus avoir de sens, l'angoisse et le stress vous tiraillent, le t\u00e9l\u00e9travail a \u00e9t\u00e9 compliqu\u00e9, vous craignez un burn out... Le coaching peut vous aider","robots":{"index":"index","follow":"follow","max-snippet":"max-snippet:-1","max-image-preview":"max-image-preview:large","max-video-preview":"max-video-preview:-1"},"canonical":"https:\/\/yana.coach\/index.php\/coaching-post-covid\/","og_locale":"fr_FR","og_type":"article","og_title":"Stress angoisse du retour au bureau - Yana - coaching pour redonner du sens \u00e0 sa vie","og_description":"Votre vie ne semble plus avoir de sens, l'angoisse et le stress vous tiraillent, le t\u00e9l\u00e9travail a \u00e9t\u00e9 compliqu\u00e9, vous craignez un burn out... Le coaching peut vous aider","og_url":"https:\/\/yana.coach\/index.php\/coaching-post-covid\/","og_site_name":"Yana","article_modified_time":"2021-05-22T16:09:01+00:00","og_image":[{"width":327,"height":218,"url":"https:\/\/yana.coach\/wp-content\/uploads\/2021\/04\/coaching-post-covid.jpg","type":"image\/jpeg"}],"twitter_card":"summary_large_image","twitter_misc":{"Dur\u00e9e de lecture estim\u00e9e":"2 minutes"},"schema":{"@context":"https:\/\/schema.org","@graph":[{"@type":"WebPage","@id":"https:\/\/yana.coach\/index.php\/coaching-post-covid\/","url":"https:\/\/yana.coach\/index.php\/coaching-post-covid\/","name":"Stress angoisse du retour au bureau - Yana - coaching pour redonner du sens \u00e0 sa vie","isPartOf":{"@id":"https:\/\/yana.coach\/#website"},"primaryImageOfPage":{"@id":"https:\/\/yana.coach\/index.php\/coaching-post-covid\/#primaryimage"},"image":{"@id":"https:\/\/yana.coach\/index.php\/coaching-post-covid\/#primaryimage"},"thumbnailUrl":"https:\/\/yana.coach\/wp-content\/uploads\/2021\/04\/coaching-post-covid.jpg","datePublished":"2021-04-05T16:08:28+00:00","dateModified":"2021-05-22T16:09:01+00:00","description":"Votre vie ne semble plus avoir de sens, l'angoisse et le stress vous tiraillent, le t\u00e9l\u00e9travail a \u00e9t\u00e9 compliqu\u00e9, vous craignez un burn out... Le coaching peut vous aider","breadcrumb":{"@id":"https:\/\/yana.coach\/index.php\/coaching-post-covid\/#breadcrumb"},"inLanguage":"fr-FR","potentialAction":[{"@type":"ReadAction","target":["https:\/\/yana.coach\/index.php\/coaching-post-covid\/"]}]},{"@type":"ImageObject","inLanguage":"fr-FR","@id":"https:\/\/yana.coach\/index.php\/coaching-post-covid\/#primaryimage","url":"https:\/\/yana.coach\/wp-content\/uploads\/2021\/04\/coaching-post-covid.jpg","contentUrl":"https:\/\/yana.coach\/wp-content\/uploads\/2021\/04\/coaching-post-covid.jpg","width":327,"height":218,"caption":"coaching-post-covid"},{"@type":"BreadcrumbList","@id":"https:\/\/yana.coach\/index.php\/coaching-post-covid\/#breadcrumb","itemListElement":[{"@type":"ListItem","position":1,"name":"Accueil","item":"https:\/\/yana.coach\/"},{"@type":"ListItem","position":2,"name":"Coaching post COVID"}]},{"@type":"WebSite","@id":"https:\/\/yana.coach\/#website","url":"https:\/\/yana.coach\/","name":"Yana","description":"You Are Not Alone","publisher":{"@id":"https:\/\/yana.coach\/#organization"},"potentialAction":[{"@type":"SearchAction","target":{"@type":"EntryPoint","urlTemplate":"https:\/\/yana.coach\/?s={search_term_string}"},"query-input":"required name=search_term_string"}],"inLanguage":"fr-FR"},{"@type":"Organization","@id":"https:\/\/yana.coach\/#organization","name":"YANA","url":"https:\/\/yana.coach\/","logo":{"@type":"ImageObject","inLanguage":"fr-FR","@id":"https:\/\/yana.coach\/#\/schema\/logo\/image\/","url":"https:\/\/yana.coach\/wp-content\/uploads\/2021\/04\/logo-yana-coaching.jpg","contentUrl":"https:\/\/yana.coach\/wp-content\/uploads\/2021\/04\/logo-yana-coaching.jpg","width":400,"height":210,"caption":"YANA"},"image":{"@id":"https:\/\/yana.coach\/#\/schema\/logo\/image\/"},"sameAs":["https:\/\/www.linkedin.com\/in\/phil-michel\/"]}]}},"_links":{"self":[{"href":"https:\/\/yana.coach\/index.php\/wp-json\/wp\/v2\/pages\/62"}],"collection":[{"href":"https:\/\/yana.coach\/index.php\/wp-json\/wp\/v2\/pages"}],"about":[{"href":"https:\/\/yana.coach\/index.php\/wp-json\/wp\/v2\/types\/page"}],"author":[{"embeddable":true,"href":"https:\/\/yana.coach\/index.php\/wp-json\/wp\/v2\/users\/1"}],"replies":[{"embeddable":true,"href":"https:\/\/yana.coach\/index.php\/wp-json\/wp\/v2\/comments?post=62"}],"version-history":[{"count":10,"href":"https:\/\/yana.coach\/index.php\/wp-json\/wp\/v2\/pages\/62\/revisions"}],"predecessor-version":[{"id":404,"href":"https:\/\/yana.coach\/index.php\/wp-json\/wp\/v2\/pages\/62\/revisions\/404"}],"wp:featuredmedia":[{"embeddable":true,"href":"https:\/\/yana.coach\/index.php\/wp-json\/wp\/v2\/media\/129"}],"wp:attachment":[{"href":"https:\/\/yana.coach\/index.php\/wp-json\/wp\/v2\/media?parent=62"}],"curies":[{"name":"wp","href":"https:\/\/api.w.org\/{rel}","templated":true}]}}